{"id":711,"date":"2012-04-30T10:48:49","date_gmt":"2012-04-30T10:48:49","guid":{"rendered":"http:\/\/www.ecoisraeltours.com\/spanish\/?page_id=711"},"modified":"2016-04-13T14:12:15","modified_gmt":"2016-04-13T14:12:15","slug":"informaciongeneral","status":"publish","type":"page","link":"https:\/\/www.ecoisraeltours.com\/spanish\/informaciongeneral\/","title":{"rendered":"Tours"},"content":{"rendered":"<div><strong>INFORMACION GENERAL<\/strong><\/div>\n<div style=\"margin-top: 12px;\">\n<ul>\n<li>El costo var\u00eda de acuerdo al n\u00famero de participantes y al nivel de servicios \u2013incluyendo alojamiento &#8211; requeridos.<\/li>\n<li>Ofrecemos tour personalizados para todas las edades y capacidades.<\/li>\n<\/ul>\n<\/div>\n<ol>\n<ol>\n<li><strong><a href=\"http:\/\/www.ecoisraeltours.com\/spanish\/granjas-org%c3%a1nicas-en-israel\/\">Granjas Org\u00e1nicas en Israel<\/a><\/strong><\/li>\n<li><strong><a href=\"http:\/\/www.ecoisraeltours.com\/spanish\/aves-migratorias-en-israel\/\">Aves Migratorias en Israel<\/a><\/strong><\/li>\n<li><strong><a href=\"http:\/\/www.ecoisraeltours.com\/spanish\/energ%c3%ada-solar-en-israel\/\">Energ\u00eda Solar en Israel<\/a><\/strong><\/li>\n<li><strong><a href=\"http:\/\/www.ecoisraeltours.com\/spanish\/mercado-machane-yehuda-y-la-globalizaci%c3%b3n-de-los-productos-alimenticios\/\">Mercado Machane Yehuda y la Globalizaci\u00f3n de los Productos Alimenticios<\/a><\/strong><\/li>\n<li><strong><a href=\"http:\/\/www.ecoisraeltours.com\/spanish\/eco-altos-del-gol%c3%a1n\/\">Eco-Altos del Gol\u00e1n<\/a><\/strong><\/li>\n<li><strong><a href=\"http:\/\/www.ecoisraeltours.com\/spanish\/el-desierto-en-israel\/\">El Desierto en Israel<\/a><\/strong><\/li>\n<li><strong><a href=\"http:\/\/www.ecoisraeltours.com\/spanish\/el-desaf%c3%ado-del-agua-en-israel\/\">El Desaf\u00edo del Agua en Israel<\/a><\/strong><\/li>\n<\/ol>\n<\/ol>\n","protected":false},"excerpt":{"rendered":"<p>INFORMACION GENERAL El costo var\u00eda de acuerdo al n\u00famero de participantes y al nivel de servicios \u2013incluyendo alojamiento &#8211; requeridos. Ofrecemos tour personalizados para todas las edades y capacidades. Granjas Org\u00e1nicas en Israel Aves Migratorias en Israel Energ\u00eda Solar en Israel Mercado Machane Yehuda y la Globalizaci\u00f3n de los Productos Alimenticios Eco-Altos del Gol\u00e1n El&#8230;<\/p>\n","protected":false},"author":5,"featured_media":0,"parent":0,"menu_order":0,"comment_status":"open","ping_status":"closed","template":"templates\/fullwidth.php","meta":{"ngg_post_thumbnail":0,"_kad_post_transparent":"","_kad_post_title":"","_kad_post_layout":"","_kad_post_sidebar_id":"","_kad_post_content_style":"","_kad_post_vertical_padding":"","_kad_post_feature":"","_kad_post_feature_position":"","_kad_post_header":false,"_kad_post_footer":false,"_kad_post_classname":"","footnotes":""},"class_list":["post-711","page","type-page","status-publish","hentry"],"aioseo_notices":[],"_links":{"self":[{"href":"https:\/\/www.ecoisraeltours.com\/spanish\/wp-json\/wp\/v2\/pages\/711","targetHints":{"allow":["GET"]}}],"collection":[{"href":"https:\/\/www.ecoisraeltours.com\/spanish\/wp-json\/wp\/v2\/pages"}],"about":[{"href":"https:\/\/www.ecoisraeltours.com\/spanish\/wp-json\/wp\/v2\/types\/page"}],"author":[{"embeddable":true,"href":"https:\/\/www.ecoisraeltours.com\/spanish\/wp-json\/wp\/v2\/users\/5"}],"replies":[{"embeddable":true,"href":"https:\/\/www.ecoisraeltours.com\/spanish\/wp-json\/wp\/v2\/comments?post=711"}],"version-history":[{"count":1,"href":"https:\/\/www.ecoisraeltours.com\/spanish\/wp-json\/wp\/v2\/pages\/711\/revisions"}],"predecessor-version":[{"id":1406,"href":"https:\/\/www.ecoisraeltours.com\/spanish\/wp-json\/wp\/v2\/pages\/711\/revisions\/1406"}],"wp:attachment":[{"href":"https:\/\/www.ecoisraeltours.com\/spanish\/wp-json\/wp\/v2\/media?parent=711"}],"curies":[{"name":"wp","href":"https:\/\/api.w.org\/{rel}","templated":true}]}}