{"id":685,"date":"2012-04-30T10:08:32","date_gmt":"2012-04-30T10:08:32","guid":{"rendered":"http:\/\/www.ecoisraeltours.com\/spanish\/?page_id=685"},"modified":"2018-08-11T11:13:52","modified_gmt":"2018-08-11T11:13:52","slug":"el-desaf%c3%ado-del-agua-en-israel","status":"publish","type":"page","link":"https:\/\/www.ecoisraeltours.com\/spanish\/el-desaf%c3%ado-del-agua-en-israel\/","title":{"rendered":"El Desaf\u00edo del Agua en Israel"},"content":{"rendered":"<p style=\"text-align: justify;\">Entre en una cisterna de agua tallada en la Reserva Natural de Manantiales de <a href=\"http:\/\/www.ecoisraeltours.com\/spanish\/israels-water-challenges\/sataf_view\/\" rel=\"attachment wp-att-180\"><img decoding=\"async\" class=\"size-medium wp-image-180 alignright\" title=\"Sataf_view\" src=\"http:\/\/www.ecoisraeltours.com\/spanish\/wp-content\/uploads\/2011\/12\/Sataf_view-300x225.jpg\" alt=\"\" width=\"300\" height=\"225\" srcset=\"https:\/\/www.ecoisraeltours.com\/spanish\/wp-content\/uploads\/2011\/12\/Sataf_view-300x225.jpg 300w, https:\/\/www.ecoisraeltours.com\/spanish\/wp-content\/uploads\/2011\/12\/Sataf_view-1024x768.jpg 1024w, https:\/\/www.ecoisraeltours.com\/spanish\/wp-content\/uploads\/2011\/12\/Sataf_view-119x90.jpg 119w\" sizes=\"(max-width: 300px) 100vw, 300px\" \/><\/a>Sataf cerca de Jerusal\u00e9n y vea antiguos m\u00e9todos de colecci\u00f3n de agua y como se irrigaban las parcelas agr\u00edcolas. Explore fuentes B\u00edblicas sobre conservaci\u00f3n de agua, y considere posible soluciones a este desaf\u00edo moderno.<\/p>\n<p style=\"text-align: justify;\">&nbsp;Aprenda sobre el problema de agua que Jerusal\u00e9n ha vivido por 3,000 a\u00f1os. Ein Sataf, localizado a 20 minutos de Jerusal\u00e9n revela como el suministro de agua en las colinas de Jerusal\u00e9n es bien limitado. Su educador lo guiara en una caminata por el parque incluyendo un manantial tallado, y le dar\u00e1 una presentaci\u00f3n interactiva sobre el desaf\u00edo de agua en Israel y ejemplos de soluciones innovadoras con el uso de la Tecnolog\u00eda Verde. Conversara sobre como la Meseta del Gol\u00e1n funciona como una \u201cgran torre de agua para toda Jerusal\u00e9n\u201d canalizada a trav\u00e9s del Acueducto Nacional <img decoding=\"async\" class=\"size-medium wp-image-181 alignright\" title=\"IMG_1351\" src=\"http:\/\/www.ecoisraeltours.com\/spanish\/wp-content\/uploads\/2011\/12\/IMG_1351-300x225.jpg\" alt=\"\" width=\"300\" height=\"225\" srcset=\"https:\/\/www.ecoisraeltours.com\/spanish\/wp-content\/uploads\/2011\/12\/IMG_1351-300x225.jpg 300w, https:\/\/www.ecoisraeltours.com\/spanish\/wp-content\/uploads\/2011\/12\/IMG_1351-1024x768.jpg 1024w, https:\/\/www.ecoisraeltours.com\/spanish\/wp-content\/uploads\/2011\/12\/IMG_1351-119x90.jpg 119w\" sizes=\"(max-width: 300px) 100vw, 300px\" \/>de Israel, aunque recientemente los principales acu\u00edferos del Mar de Galilea cayeron por debajo de la l\u00ednea roja indicando un riesgo en la calidad de agua.<\/p>\n<p style=\"text-align: justify;\">Despu\u00e9s del almuerzo al aire libre cerca del Manantial de Sataf exploraremos fuentes <a href=\"http:\/\/www.ecoisraeltours.com\/spanish\/israels-water-challenges\/img_1351\/\" rel=\"attachment wp-att-181\"><\/a>B\u00edblicas sobre conservaci\u00f3n de agua en relaci\u00f3n con este desaf\u00edo contempor\u00e1neo y posibles soluciones para el Israel del siglo 21. Su gu\u00eda facilitara una corta actividad educativa en parejas seguida por una conversaci\u00f3n participativa. Antes de salir de Ein Sataf disfrutaremos de un refrigerio en el aire libre sentados en el Jard\u00edn Bot\u00e1nico Eretz Yisrael.<\/p>\n<h2 style=\"text-align: justify;\">Acomp\u00e1\u00f1enos a un viaje en el Israel moderno, un desaf\u00edo ambiental contempor\u00e1neo, y antiguos valores b\u00edblicos.<\/h2>\n<p style=\"text-align: justify;\"><strong><img decoding=\"async\" class=\"size-medium wp-image-182 alignright\" title=\"100_1321\" src=\"http:\/\/www.ecoisraeltours.com\/spanish\/wp-content\/uploads\/2011\/12\/100_1321-300x199.jpg\" alt=\"\" width=\"300\" height=\"199\" srcset=\"https:\/\/www.ecoisraeltours.com\/spanish\/wp-content\/uploads\/2011\/12\/100_1321-300x199.jpg 300w, https:\/\/www.ecoisraeltours.com\/spanish\/wp-content\/uploads\/2011\/12\/100_1321-1024x682.jpg 1024w, https:\/\/www.ecoisraeltours.com\/spanish\/wp-content\/uploads\/2011\/12\/100_1321-135x90.jpg 135w\" sizes=\"(max-width: 300px) 100vw, 300px\" \/>Duraci\u00f3n:<\/strong>&nbsp;Usted ser\u00e1 recibido en su hotel por nuestro personal despu\u00e9s del desayuno a las 8:00 a.m., listos para comenzar un d\u00eda lleno de aventuras y diversi\u00f3n, llegando a Ein Sataf a las 8:30 am para una breve introducci\u00f3n a las actividades del d\u00eda. Desde las 9:00 am hasta las 4:00 <a href=\"http:\/\/www.ecoisraeltours.com\/spanish\/israels-water-challenges\/100_1321\/\" rel=\"attachment wp-att-182\"><\/a>pm usted tendr\u00e1 una excursi\u00f3n y experimentara la primavera en Sataf. Nuestro gu\u00eda lo regresar\u00e1 a su hotel a las 5:00 pm.<\/p>\n<p style=\"text-align: justify;\"><em>Tambi\u00e9n ofrecemos tours de medio d\u00eda.<\/em><\/p>\n<p>&nbsp;<\/p>\n<p style=\"text-align: justify;\">Fotos \u00a9 2001 Joshua Schaffer<\/p>\n","protected":false},"excerpt":{"rendered":"<p>Entre en una cisterna de agua tallada en la Reserva Natural de Manantiales de Sataf cerca de Jerusal\u00e9n y vea antiguos m\u00e9todos de colecci\u00f3n de agua y como se irrigaban las parcelas agr\u00edcolas. Explore fuentes B\u00edblicas sobre conservaci\u00f3n de agua, y considere posible soluciones a este desaf\u00edo moderno. &nbsp;Aprenda sobre el problema de agua que&#8230;<\/p>\n","protected":false},"author":5,"featured_media":0,"parent":0,"menu_order":0,"comment_status":"open","ping_status":"open","template":"templates\/fullwidth.php","meta":{"ngg_post_thumbnail":0,"_kad_post_transparent":"","_kad_post_title":"","_kad_post_layout":"","_kad_post_sidebar_id":"","_kad_post_content_style":"","_kad_post_vertical_padding":"","_kad_post_feature":"","_kad_post_feature_position":"","_kad_post_header":false,"_kad_post_footer":false,"_kad_post_classname":"","footnotes":""},"class_list":["post-685","page","type-page","status-publish","hentry"],"aioseo_notices":[],"_links":{"self":[{"href":"https:\/\/www.ecoisraeltours.com\/spanish\/wp-json\/wp\/v2\/pages\/685","targetHints":{"allow":["GET"]}}],"collection":[{"href":"https:\/\/www.ecoisraeltours.com\/spanish\/wp-json\/wp\/v2\/pages"}],"about":[{"href":"https:\/\/www.ecoisraeltours.com\/spanish\/wp-json\/wp\/v2\/types\/page"}],"author":[{"embeddable":true,"href":"https:\/\/www.ecoisraeltours.com\/spanish\/wp-json\/wp\/v2\/users\/5"}],"replies":[{"embeddable":true,"href":"https:\/\/www.ecoisraeltours.com\/spanish\/wp-json\/wp\/v2\/comments?post=685"}],"version-history":[{"count":4,"href":"https:\/\/www.ecoisraeltours.com\/spanish\/wp-json\/wp\/v2\/pages\/685\/revisions"}],"predecessor-version":[{"id":1526,"href":"https:\/\/www.ecoisraeltours.com\/spanish\/wp-json\/wp\/v2\/pages\/685\/revisions\/1526"}],"wp:attachment":[{"href":"https:\/\/www.ecoisraeltours.com\/spanish\/wp-json\/wp\/v2\/media?parent=685"}],"curies":[{"name":"wp","href":"https:\/\/api.w.org\/{rel}","templated":true}]}}