{"id":664,"date":"2012-04-30T09:57:47","date_gmt":"2012-04-30T09:57:47","guid":{"rendered":"http:\/\/www.ecoisraeltours.com\/spanish\/?page_id=664"},"modified":"2018-08-11T11:09:09","modified_gmt":"2018-08-11T11:09:09","slug":"el-desierto-en-israel","status":"publish","type":"page","link":"https:\/\/www.ecoisraeltours.com\/spanish\/el-desierto-en-israel\/","title":{"rendered":"El Desierto en Israel"},"content":{"rendered":"<p style=\"text-align: justify;\">Refuerce sus energ\u00edas escapando de la civilizaci\u00f3n por un corto tiempo, y <a href=\"http:\/\/www.ecoisraeltours.com\/spanish\/desert-in-israel\/free_israel_photos_places_zin_6401\/\" rel=\"attachment wp-att-161\"><img decoding=\"async\" class=\"size-medium wp-image-161 alignright\" title=\"free_israel_photos_places_zin_6401\" src=\"http:\/\/www.ecoisraeltours.com\/spanish\/wp-content\/uploads\/2011\/12\/free_israel_photos_places_zin_6401-300x225.jpg\" alt=\"\" width=\"300\" height=\"225\" srcset=\"https:\/\/www.ecoisraeltours.com\/spanish\/wp-content\/uploads\/2011\/12\/free_israel_photos_places_zin_6401-300x225.jpg 300w, https:\/\/www.ecoisraeltours.com\/spanish\/wp-content\/uploads\/2011\/12\/free_israel_photos_places_zin_6401-120x90.jpg 120w, https:\/\/www.ecoisraeltours.com\/spanish\/wp-content\/uploads\/2011\/12\/free_israel_photos_places_zin_6401.jpg 640w\" sizes=\"(max-width: 300px) 100vw, 300px\" \/><\/a>experimente el silencio del alma del desierto a trav\u00e9s de una caminata guiada y otras actividades. Luego, lleve el asombro del desierto a la civilizaci\u00f3n con el aprendizaje de los valores que la Biblia indica que el desierto ofrece a las sociedades humanas.<\/p>\n<p style=\"text-align: justify;\">\u00a1Reciba al desierto Israel\u00ed como nunca antes! Su gu\u00eda, Yisrael Chevroni, compartir\u00e1 poes\u00edas originales, comentarios y textos sobre la narrativa del \u00c9xodo. Explore creativa y experimentalmente el mensaje espiritual del desierto. Su viaje y experiencia se construir\u00e1 a partir de la geograf\u00eda natural de la ruta elegida para el grupo.<\/p>\n<p style=\"text-align: justify;\">Un tour opcional de varios d\u00edas incluye una visita a Shuva, un moshav cerca de Qiryat Malachi. Despu\u00e9s de experimentar el silencio del alma del desierto el grupo regresara <img decoding=\"async\" class=\"size-medium wp-image-160 alignright\" style=\"border-style: initial; border-color: initial;\" title=\"100_1481\" src=\"http:\/\/www.ecoisraeltours.com\/spanish\/wp-content\/uploads\/2011\/12\/100_1481-300x225.jpg\" alt=\"\" width=\"300\" height=\"225\" srcset=\"https:\/\/www.ecoisraeltours.com\/spanish\/wp-content\/uploads\/2011\/12\/100_1481-300x225.jpg 300w, https:\/\/www.ecoisraeltours.com\/spanish\/wp-content\/uploads\/2011\/12\/100_1481-1024x767.jpg 1024w, https:\/\/www.ecoisraeltours.com\/spanish\/wp-content\/uploads\/2011\/12\/100_1481-119x90.jpg 119w\" sizes=\"(max-width: 300px) 100vw, 300px\" \/>al moshav para participar en talleres que conectan la experiencia del desierto con su vida diaria. Los participantes tomaran parte en actividades de construcci\u00f3n ecol\u00f3gica y formaci\u00f3n de comunidades que los desafiara a <a href=\"http:\/\/www.ecoisraeltours.com\/spanish\/desert-in-israel\/100_1481\/\" rel=\"attachment wp-att-160\"><\/a>conectar el impresionante desierto con los valores de las relaciones humanas y con el medio ambiente.<\/p>\n<h2 style=\"text-align: justify;\">\u00a1\u00danase a nosotros en esta experiencia \u00fanica y especial de Israel!<\/h2>\n<p style=\"text-align: justify;\"><strong>Duraci\u00f3n:<\/strong><\/p>\n<p style=\"text-align: justify;\">Ser\u00e1 recibido en su hotel por nuestro personal a las 7:00 a.m. con el desayuno preparado para usted, dispuesto a participar en los retos que ofrece el desierto de Israel, llegando al Negev a las 9:00 am para una breve introducci\u00f3n a las actividades del d\u00eda. Desde las 10:30 am hasta las 5:00 pm usted experimentar\u00e1 el desierto, incluyendo un almuerzo tipo picnic. Nuestro gu\u00eda lo regresara al hotel a las 10:00 pm<\/p>\n<p style=\"text-align: justify;\"><em>Tambi\u00e9n ofrecemos tours de varios d\u00edas o por semana(s)<\/em><\/p>\n<p style=\"text-align: justify;\">Fotos \u00a9 2011 Joshua Schaffer<\/p>\n","protected":false},"excerpt":{"rendered":"<p>Refuerce sus energ\u00edas escapando de la civilizaci\u00f3n por un corto tiempo, y experimente el silencio del alma del desierto a trav\u00e9s de una caminata guiada y otras actividades. Luego, lleve el asombro del desierto a la civilizaci\u00f3n con el aprendizaje de los valores que la Biblia indica que el desierto ofrece a las sociedades humanas&#8230;.<\/p>\n","protected":false},"author":5,"featured_media":0,"parent":0,"menu_order":0,"comment_status":"open","ping_status":"open","template":"templates\/fullwidth.php","meta":{"ngg_post_thumbnail":0,"_kad_post_transparent":"","_kad_post_title":"","_kad_post_layout":"","_kad_post_sidebar_id":"","_kad_post_content_style":"","_kad_post_vertical_padding":"","_kad_post_feature":"","_kad_post_feature_position":"","_kad_post_header":false,"_kad_post_footer":false,"_kad_post_classname":"","footnotes":""},"class_list":["post-664","page","type-page","status-publish","hentry"],"aioseo_notices":[],"_links":{"self":[{"href":"https:\/\/www.ecoisraeltours.com\/spanish\/wp-json\/wp\/v2\/pages\/664","targetHints":{"allow":["GET"]}}],"collection":[{"href":"https:\/\/www.ecoisraeltours.com\/spanish\/wp-json\/wp\/v2\/pages"}],"about":[{"href":"https:\/\/www.ecoisraeltours.com\/spanish\/wp-json\/wp\/v2\/types\/page"}],"author":[{"embeddable":true,"href":"https:\/\/www.ecoisraeltours.com\/spanish\/wp-json\/wp\/v2\/users\/5"}],"replies":[{"embeddable":true,"href":"https:\/\/www.ecoisraeltours.com\/spanish\/wp-json\/wp\/v2\/comments?post=664"}],"version-history":[{"count":4,"href":"https:\/\/www.ecoisraeltours.com\/spanish\/wp-json\/wp\/v2\/pages\/664\/revisions"}],"predecessor-version":[{"id":1521,"href":"https:\/\/www.ecoisraeltours.com\/spanish\/wp-json\/wp\/v2\/pages\/664\/revisions\/1521"}],"wp:attachment":[{"href":"https:\/\/www.ecoisraeltours.com\/spanish\/wp-json\/wp\/v2\/media?parent=664"}],"curies":[{"name":"wp","href":"https:\/\/api.w.org\/{rel}","templated":true}]}}