{"id":660,"date":"2012-04-30T09:54:23","date_gmt":"2012-04-30T09:54:23","guid":{"rendered":"http:\/\/www.ecoisraeltours.com\/spanish\/?page_id=660"},"modified":"2016-04-13T14:39:51","modified_gmt":"2016-04-13T14:39:51","slug":"eco-altos-del-gol%c3%a1n","status":"publish","type":"page","link":"https:\/\/www.ecoisraeltours.com\/spanish\/eco-altos-del-gol%c3%a1n\/","title":{"rendered":"Eco-Altos del Gol\u00e1n"},"content":{"rendered":"<h2 dir=\"LTR\" style=\"text-align: justify;\" align=\"center\"><strong>Opciones Tur\u00edsticas Eco-Gol\u00e1n <\/strong><\/h2>\n<p dir=\"LTR\" style=\"text-align: justify;\"><a href=\"http:\/\/www.ecoisraeltours.com\/spanish\/eco-golan-heights\/golan3\/\" rel=\"attachment wp-att-596\"><img decoding=\"async\" class=\"size-full wp-image-596 alignright\" title=\"golan3\" src=\"http:\/\/www.ecoisraeltours.com\/spanish\/wp-content\/uploads\/2012\/03\/golan3.jpg\" alt=\"\" width=\"330\" height=\"220\" \/><\/a>Cuando lo desee, las siguientes opciones tur\u00edsticas pueden ser combinadas con ense\u00f1anzas Jud\u00edas que se relacionan con el tour.<\/p>\n<p dir=\"LTR\" style=\"text-align: justify;\"><strong>A)\u00a0\u00a0\u00a0\u00a0<\/strong><strong>Tecnolog\u00eda Ecol\u00f3gica y Energ\u00eda Renovable en el Gol\u00e1n<\/strong><\/p>\n<p dir=\"LTR\" style=\"text-align: justify;\">Aprenda sobre energ\u00eda alternativa en el Gol\u00e1n y explore los valores Jud\u00edos de conservaci\u00f3n y reducci\u00f3n de desechos. Las opciones incluyen:<\/p>\n<ul style=\"text-align: justify;\">\n<li>Energ\u00eda Solar en Nimrod<\/li>\n<li>Granja de Turbina de Viento de Avnei Eitan<\/li>\n<li>Centro de Reciclaje\/Biogas en Meitzar<\/li>\n<li>Centro Comunal de Separaci\u00f3n de Basura en Bnei Yehuda<\/li>\n<\/ul>\n<p dir=\"LTR\" style=\"text-align: justify;\"><strong>B)\u00a0\u00a0\u00a0\u00a0<strong id=\"internal-source-marker_0.1508888800162822\">Agua<\/strong><\/strong><\/p>\n<p dir=\"LTR\" style=\"text-align: justify;\">Explore el profundo significado de las abundantes v\u00edas fluviales del Gol\u00e1n. Las rutas disponibles incluyen:<\/p>\n<ul style=\"text-align: justify;\">\n<li>Nachal El Al (la Cascada Negra)\u00a0Duraci\u00f3n:\u00a02-3 horas\u00a0Dificultad:\u00a0f\u00e1cil a moderado<\/li>\n<li>Nachal Meshushim (las Piscinas Hexagonales)\u00a0Duraci\u00f3n:\u00a02-3 horas\u00a0Dificultad:\u00a0f\u00e1cil a moderado (la vuelta es algo empinada pero la ruta es f\u00e1cil)<\/li>\n<li>Cascada Ayit a Piscina Aniam\u00a0Duraci\u00f3n:\u00a03-4 horas\u00a0Dificultad:\u00a0moderada<\/li>\n<li>Nachal Zavitan a Yehudia\u00a0Duraci\u00f3n:\u00a03-4 horas\u00a0Dificultad:\u00a0moderada<\/li>\n<li>Tour de Manantiales Frescos\u00a0Duraci\u00f3n:\u00a01-3 horas (dependiendo de cuantos manantiales querr\u00e1n visitar)\u00a0Dificultad:\u00a0f\u00e1cil.<\/li>\n<\/ul>\n<p dir=\"LTR\" style=\"text-align: justify;\"><strong>C)\u00a0\u00a0\u00a0\u00a0<\/strong><strong>Biodiversidad\/Animales<\/strong><\/p>\n<p dir=\"LTR\" style=\"text-align: justify;\">Aprenda sobre la fauna en el Gol\u00e1n y explore los valores Jud\u00edos sobre el tratamiento de los animales. Rutas incluyen:<\/p>\n<ul style=\"text-align: justify;\">\n<li>Gamla (camino del Buitre Griffin, camino de las Cataratas, camino de la Antigua Sinagoga)\u00a0Duraci\u00f3n:\u00a02-4 horas, dependiendo del ruta\u00a0Dificultad:\u00a0\u00a0f\u00e1cil a moderado, dependiendo de la ruta.<\/li>\n<li>Moshav Nov \u2013 Nido de Cig\u00fce\u00f1a, Taller de la Serpiente con Michael Even-Esh\u00a0Duraci\u00f3n:\u00a02 horas Dificultad:\u00a0f\u00e1cil.<\/li>\n<\/ul>\n<p style=\"text-align: justify;\"><em>\u00a0<\/em><strong>D)\u00a0\u00a0\u00a0\u00a0<\/strong><strong>Arboles\/Flores\/Hierbas<\/strong><\/p>\n<p dir=\"LTR\" style=\"text-align: justify;\">Explore la belleza del Gol\u00e1n en plena floraci\u00f3n, visite bosques antiguos y nuevos, y aprenda sobre hierbas medicinales locales. (Estos caminos est\u00e1n en mayor floraci\u00f3n durante la primavera) Rutas incluyen:<\/p>\n<ul style=\"text-align: justify;\">\n<li>Bashan Cresta (por Alonei Habashan)\u00a0Duraci\u00f3n:\u00a02-3 horas\u00a0Dificultad:\u00a0f\u00e1cil<\/li>\n<li>Nachal Meitzarim\u00a0Duraci\u00f3n:\u00a04-5 horas\u00a0Dificultad:\u00a0 moderado<\/li>\n<\/ul>\n<p>&nbsp;<\/p>\n","protected":false},"excerpt":{"rendered":"<p>Opciones Tur\u00edsticas Eco-Gol\u00e1n Cuando lo desee, las siguientes opciones tur\u00edsticas pueden ser combinadas con ense\u00f1anzas Jud\u00edas que se relacionan con el tour. A)\u00a0\u00a0\u00a0\u00a0Tecnolog\u00eda Ecol\u00f3gica y Energ\u00eda Renovable en el Gol\u00e1n Aprenda sobre energ\u00eda alternativa en el Gol\u00e1n y explore los valores Jud\u00edos de conservaci\u00f3n y reducci\u00f3n de desechos. Las opciones incluyen: Energ\u00eda Solar en Nimrod&#8230;<\/p>\n","protected":false},"author":5,"featured_media":0,"parent":0,"menu_order":0,"comment_status":"closed","ping_status":"open","template":"templates\/fullwidth.php","meta":{"ngg_post_thumbnail":0,"_kad_post_transparent":"","_kad_post_title":"","_kad_post_layout":"","_kad_post_sidebar_id":"","_kad_post_content_style":"","_kad_post_vertical_padding":"","_kad_post_feature":"","_kad_post_feature_position":"","_kad_post_header":false,"_kad_post_footer":false,"_kad_post_classname":"","footnotes":""},"class_list":["post-660","page","type-page","status-publish","hentry"],"aioseo_notices":[],"_links":{"self":[{"href":"https:\/\/www.ecoisraeltours.com\/spanish\/wp-json\/wp\/v2\/pages\/660","targetHints":{"allow":["GET"]}}],"collection":[{"href":"https:\/\/www.ecoisraeltours.com\/spanish\/wp-json\/wp\/v2\/pages"}],"about":[{"href":"https:\/\/www.ecoisraeltours.com\/spanish\/wp-json\/wp\/v2\/types\/page"}],"author":[{"embeddable":true,"href":"https:\/\/www.ecoisraeltours.com\/spanish\/wp-json\/wp\/v2\/users\/5"}],"replies":[{"embeddable":true,"href":"https:\/\/www.ecoisraeltours.com\/spanish\/wp-json\/wp\/v2\/comments?post=660"}],"version-history":[{"count":1,"href":"https:\/\/www.ecoisraeltours.com\/spanish\/wp-json\/wp\/v2\/pages\/660\/revisions"}],"predecessor-version":[{"id":1267,"href":"https:\/\/www.ecoisraeltours.com\/spanish\/wp-json\/wp\/v2\/pages\/660\/revisions\/1267"}],"wp:attachment":[{"href":"https:\/\/www.ecoisraeltours.com\/spanish\/wp-json\/wp\/v2\/media?parent=660"}],"curies":[{"name":"wp","href":"https:\/\/api.w.org\/{rel}","templated":true}]}}