{"id":655,"date":"2012-04-30T09:44:54","date_gmt":"2012-04-30T09:44:54","guid":{"rendered":"http:\/\/www.ecoisraeltours.com\/spanish\/?page_id=655"},"modified":"2018-08-11T10:47:38","modified_gmt":"2018-08-11T10:47:38","slug":"mercado-machane-yehuda-y-la-globalizaci%c3%b3n-de-los-productos-alimenticios","status":"publish","type":"page","link":"https:\/\/www.ecoisraeltours.com\/spanish\/mercado-machane-yehuda-y-la-globalizaci%c3%b3n-de-los-productos-alimenticios\/","title":{"rendered":"Mercado Machane Iehuda y Globalizaci\u00f3n de Productos Alimenticios"},"content":{"rendered":"<p style=\"text-align: justify;\">Descubra el mercado mas largo de Israel desde el \u00e1ngulo de la cuestion <a href=\"http:\/\/www.ecoisraeltours.com\/spanish\/machane-yehuda-market-and-the-globalization-of-food\/img_11942\/\" rel=\"attachment wp-att-143\"><img decoding=\"async\" class=\"size-medium wp-image-143 alignright\" title=\"IMG_11942\" src=\"http:\/\/www.ecoisraeltours.com\/spanish\/wp-content\/uploads\/2011\/12\/IMG_11942-300x225.jpg\" alt=\"\" width=\"300\" height=\"225\" srcset=\"https:\/\/www.ecoisraeltours.com\/spanish\/wp-content\/uploads\/2011\/12\/IMG_11942-300x225.jpg 300w, https:\/\/www.ecoisraeltours.com\/spanish\/wp-content\/uploads\/2011\/12\/IMG_11942-1024x768.jpg 1024w, https:\/\/www.ecoisraeltours.com\/spanish\/wp-content\/uploads\/2011\/12\/IMG_11942-119x90.jpg 119w\" sizes=\"(max-width: 300px) 100vw, 300px\" \/><\/a>ambiental moderna. Explorando a pie los 250 puestos de venta, usted examinara el surgimiento de la globalizaci\u00f3n de los productos alimenticios en Israel en los \u00faltimos 30 a\u00f1os y su significado en la sustentabilidad del medio ambiente en el pa\u00eds y en todo el mundo.<\/p>\n<p style=\"text-align: justify;\">Pruebe, toque, oiga, huela y vea el moderno mercado abierto (shuk) Machane Yehuda en Jerusal\u00e9n. Con 250 puestos de venta este shuk es el m\u00e1s grande en su tipo en Israel. Descubra el dinamismo del shuk mientras explora el significado mas profundo de lo que ve a simple vista. Usted explorar\u00e1 el shuk a trav\u00e9s de un tour interactivo de alimentos provenientes de veinte pa\u00edses diferentes.<\/p>\n<p style=\"text-align: justify;\">En un parque cercano su gu\u00eda-educador lo introducir\u00e1 a las ense\u00f1anzas B\u00edblicas <img decoding=\"async\" class=\"alignright size-medium wp-image-144\" title=\"IMG_1197\" src=\"http:\/\/www.ecoisraeltours.com\/spanish\/wp-content\/uploads\/2011\/12\/IMG_1197-300x225.jpg\" alt=\"\" width=\"300\" height=\"225\" srcset=\"https:\/\/www.ecoisraeltours.com\/spanish\/wp-content\/uploads\/2011\/12\/IMG_1197-300x225.jpg 300w, https:\/\/www.ecoisraeltours.com\/spanish\/wp-content\/uploads\/2011\/12\/IMG_1197-1024x768.jpg 1024w, https:\/\/www.ecoisraeltours.com\/spanish\/wp-content\/uploads\/2011\/12\/IMG_1197-119x90.jpg 119w\" sizes=\"(max-width: 300px) 100vw, 300px\" \/>relacionadas con el alimento y la Tierra de Israel, y conducir\u00e1 actividades en parejas sobre estas ense\u00f1anzas. Su gu\u00eda le hablara sobre Israel en los tiempos de la globalizaci\u00f3n de productos alimenticios, bas\u00e1ndose en los textos que les ense\u00f1o, y liderar\u00e1 discusiones para ayudar en la comprensi\u00f3n de <a href=\"http:\/\/www.ecoisraeltours.com\/spanish\/machane-yehuda-market-and-the-globalization-of-food\/img_1197\/\" rel=\"attachment wp-att-144\">la experiencia.<\/a><\/p>\n<p style=\"text-align: justify;\">Usted entender\u00e1 al shuk desde las ense\u00f1anzas B\u00edblicas, el tema ambiental moderno, y la sociedad Israel\u00ed contempor\u00e1nea.<\/p>\n<p style=\"text-align: justify;\"><strong>Duraci\u00f3n:<\/strong><\/p>\n<p style=\"text-align: justify;\">Ser\u00e1 recibido cerca del mercado por nuestro personal, listo para explorar un tesoro local, el mercado abierto en Jerusal\u00e9n, Machane Yehuda. Al llegar al mercado nuestro gu\u00eda le dar\u00e1 una breve introducci\u00f3n a las actividades del d\u00eda. <img decoding=\"async\" class=\"size-medium wp-image-142 alignright\" title=\"IMG_1191\" src=\"http:\/\/www.ecoisraeltours.com\/spanish\/wp-content\/uploads\/2011\/12\/IMG_1191-300x225.jpg\" alt=\"\" width=\"300\" height=\"225\" srcset=\"https:\/\/www.ecoisraeltours.com\/spanish\/wp-content\/uploads\/2011\/12\/IMG_1191-300x225.jpg 300w, https:\/\/www.ecoisraeltours.com\/spanish\/wp-content\/uploads\/2011\/12\/IMG_1191-1024x768.jpg 1024w, https:\/\/www.ecoisraeltours.com\/spanish\/wp-content\/uploads\/2011\/12\/IMG_1191-119x90.jpg 119w\" sizes=\"(max-width: 300px) 100vw, 300px\" \/>Desse las 9:00 a.m. hasta las 10:30 a.m. usted experimentara de primera mano el mercado Mahane Yehuda, y ser\u00e1 participe de una sesi\u00f3n educativa.<\/p>\n<p style=\"text-align: justify;\">Opcional (no incluido en el precio): Almuerzo en un restaurante de su elecci\u00f3n, cerca del shuk.<\/p>\n<p style=\"text-align: justify;\"><a href=\"http:\/\/www.ecoisraeltours.com\/spanish\/machane-yehuda-market-and-the-globalization-of-food\/img_1197\/\" rel=\"attachment wp-att-144\"><em>Tambi\u00e9n ofrecemos tours de un <\/em><em>d\u00eda completo sobre ese tema, que puede ser en una granja org\u00e1nica en <\/em><\/a><a href=\"http:\/\/www.ecoisraeltours.com\/spanish\/machane-yehuda-market-and-the-globalization-of-food\/img_1191\/\" rel=\"attachment wp-att-142\"><\/a><em>Israel.<\/em><\/p>\n<p style=\"text-align: justify;\">&nbsp;<\/p>\n","protected":false},"excerpt":{"rendered":"<p>Descubra el mercado mas largo de Israel desde el \u00e1ngulo de la cuestion ambiental moderna. Explorando a pie los 250 puestos de venta, usted examinara el surgimiento de la globalizaci\u00f3n de los productos alimenticios en Israel en los \u00faltimos 30 a\u00f1os y su significado en la sustentabilidad del medio ambiente en el pa\u00eds y en&#8230;<\/p>\n","protected":false},"author":5,"featured_media":0,"parent":0,"menu_order":0,"comment_status":"open","ping_status":"open","template":"templates\/fullwidth.php","meta":{"ngg_post_thumbnail":0,"_kad_post_transparent":"","_kad_post_title":"","_kad_post_layout":"","_kad_post_sidebar_id":"","_kad_post_content_style":"","_kad_post_vertical_padding":"","_kad_post_feature":"","_kad_post_feature_position":"","_kad_post_header":false,"_kad_post_footer":false,"_kad_post_classname":"","footnotes":""},"class_list":["post-655","page","type-page","status-publish","hentry"],"aioseo_notices":[],"_links":{"self":[{"href":"https:\/\/www.ecoisraeltours.com\/spanish\/wp-json\/wp\/v2\/pages\/655","targetHints":{"allow":["GET"]}}],"collection":[{"href":"https:\/\/www.ecoisraeltours.com\/spanish\/wp-json\/wp\/v2\/pages"}],"about":[{"href":"https:\/\/www.ecoisraeltours.com\/spanish\/wp-json\/wp\/v2\/types\/page"}],"author":[{"embeddable":true,"href":"https:\/\/www.ecoisraeltours.com\/spanish\/wp-json\/wp\/v2\/users\/5"}],"replies":[{"embeddable":true,"href":"https:\/\/www.ecoisraeltours.com\/spanish\/wp-json\/wp\/v2\/comments?post=655"}],"version-history":[{"count":4,"href":"https:\/\/www.ecoisraeltours.com\/spanish\/wp-json\/wp\/v2\/pages\/655\/revisions"}],"predecessor-version":[{"id":1516,"href":"https:\/\/www.ecoisraeltours.com\/spanish\/wp-json\/wp\/v2\/pages\/655\/revisions\/1516"}],"wp:attachment":[{"href":"https:\/\/www.ecoisraeltours.com\/spanish\/wp-json\/wp\/v2\/media?parent=655"}],"curies":[{"name":"wp","href":"https:\/\/api.w.org\/{rel}","templated":true}]}}