{"id":653,"date":"2012-04-30T09:35:46","date_gmt":"2012-04-30T09:35:46","guid":{"rendered":"http:\/\/www.ecoisraeltours.com\/spanish\/?page_id=653"},"modified":"2018-08-11T10:21:09","modified_gmt":"2018-08-11T10:21:09","slug":"energ%c3%ada-solar-en-israel","status":"publish","type":"page","link":"https:\/\/www.ecoisraeltours.com\/spanish\/energ%c3%ada-solar-en-israel\/","title":{"rendered":"Energ\u00eda Solar en Israel"},"content":{"rendered":"<p style=\"text-align: justify;\"><strong>Informaci\u00f3n General<br \/>\n<\/strong>La sociedad contempor\u00e1nea Israel\u00ed esta a la vanguardia del esfuerzo global por el cambio de recursos energ\u00e9ticos no-renovables a fuentes de energ\u00eda seguras, sustentables y renovables. Israel hace uso de la creatividad y avances tecnol\u00f3gicos para hacer frente a este problema global. Veremos algunos de los interesantes proyectos que existen en Israel, incluyendo innovadoras instalaciones solares.<\/p>\n<p style=\"text-align: justify;\">\n<p style=\"text-align: justify;\"><strong><br \/>\nSitio Uno: Instalaci\u00f3n Solar de la Empresa de Energ\u00eda Arav\u00e1<\/strong><br \/>\n<img decoding=\"async\" class=\"wp-image-337 alignright\" title=\"cropped solar panel 9.11\" src=\"http:\/\/www.ecoisraeltours.com\/spanish\/wp-content\/uploads\/2011\/12\/cropped-solar-panel-9.11.jpg\" alt=\"\" width=\"320\" height=\"198\" srcset=\"https:\/\/www.ecoisraeltours.com\/spanish\/wp-content\/uploads\/2011\/12\/cropped-solar-panel-9.11.jpg 678w, https:\/\/www.ecoisraeltours.com\/spanish\/wp-content\/uploads\/2011\/12\/cropped-solar-panel-9.11-300x185.jpg 300w, https:\/\/www.ecoisraeltours.com\/spanish\/wp-content\/uploads\/2011\/12\/cropped-solar-panel-9.11-145x90.jpg 145w\" sizes=\"(max-width: 320px) 100vw, 320px\" \/>Kibutz Ketura es el lugar de la primera instalaci\u00f3n de paneles solares de la Empresa de Energ\u00eda Arav\u00e1, tambi\u00e9n es el primer campo fotovolt\u00e1ico en el Medio Oriente. Cerca de 5 megavatios de electricidad fluyen desde aqu\u00ed hacia el sistema el\u00e9ctrico de Israel. Nuestros visitantes aprender\u00e1n sobre como hemos transformado a nuestro viejo enemigo \u2013el sol- en nuestro mas reciente amigo y benefactor. Este sitio esta localizado en el Valle de Arav\u00e1, entre el Mar Muerto y Eilat.<\/p>\n<p style=\"text-align: justify;\"><strong>Sitio Dos: Instalaci\u00f3n Solar en Jerusal\u00e9n<\/strong><br \/>\nVisite dos escuelas Israel\u00edes con paneles solares instalados en el techo y aprenda sobre el creciente uso de energ\u00eda solar por parte de instituciones publicas, privadas, y otros consumidores.<\/p>\n","protected":false},"excerpt":{"rendered":"<p>Informaci\u00f3n General La sociedad contempor\u00e1nea Israel\u00ed esta a la vanguardia del esfuerzo global por el cambio de recursos energ\u00e9ticos no-renovables a fuentes de energ\u00eda seguras, sustentables y renovables. Israel hace uso de la creatividad y avances tecnol\u00f3gicos para hacer frente a este problema global. Veremos algunos de los interesantes proyectos que existen en Israel, incluyendo&#8230;<\/p>\n","protected":false},"author":5,"featured_media":0,"parent":0,"menu_order":0,"comment_status":"open","ping_status":"open","template":"templates\/fullwidth.php","meta":{"ngg_post_thumbnail":0,"_kad_post_transparent":"","_kad_post_title":"","_kad_post_layout":"","_kad_post_sidebar_id":"","_kad_post_content_style":"","_kad_post_vertical_padding":"","_kad_post_feature":"","_kad_post_feature_position":"","_kad_post_header":false,"_kad_post_footer":false,"_kad_post_classname":"","footnotes":""},"class_list":["post-653","page","type-page","status-publish","hentry"],"aioseo_notices":[],"_links":{"self":[{"href":"https:\/\/www.ecoisraeltours.com\/spanish\/wp-json\/wp\/v2\/pages\/653","targetHints":{"allow":["GET"]}}],"collection":[{"href":"https:\/\/www.ecoisraeltours.com\/spanish\/wp-json\/wp\/v2\/pages"}],"about":[{"href":"https:\/\/www.ecoisraeltours.com\/spanish\/wp-json\/wp\/v2\/types\/page"}],"author":[{"embeddable":true,"href":"https:\/\/www.ecoisraeltours.com\/spanish\/wp-json\/wp\/v2\/users\/5"}],"replies":[{"embeddable":true,"href":"https:\/\/www.ecoisraeltours.com\/spanish\/wp-json\/wp\/v2\/comments?post=653"}],"version-history":[{"count":3,"href":"https:\/\/www.ecoisraeltours.com\/spanish\/wp-json\/wp\/v2\/pages\/653\/revisions"}],"predecessor-version":[{"id":1511,"href":"https:\/\/www.ecoisraeltours.com\/spanish\/wp-json\/wp\/v2\/pages\/653\/revisions\/1511"}],"wp:attachment":[{"href":"https:\/\/www.ecoisraeltours.com\/spanish\/wp-json\/wp\/v2\/media?parent=653"}],"curies":[{"name":"wp","href":"https:\/\/api.w.org\/{rel}","templated":true}]}}