{"id":638,"date":"2012-04-30T09:28:06","date_gmt":"2012-04-30T09:28:06","guid":{"rendered":"http:\/\/www.ecoisraeltours.com\/spanish\/?page_id=638"},"modified":"2018-08-11T10:18:28","modified_gmt":"2018-08-11T10:18:28","slug":"aves-migratorias-en-israel","status":"publish","type":"page","link":"https:\/\/www.ecoisraeltours.com\/spanish\/aves-migratorias-en-israel\/","title":{"rendered":"Aves Migratorias en Israel"},"content":{"rendered":"<div style=\"text-align: justify;\">Tenga la experiencia de vivir una de las m\u00e1s grandes maravillas de la naturaleza de <a href=\"http:\/\/www.ecoisraeltours.com\/spanish\/israel-bird-migration\/birds-flying-over-mt-hermon\/\" rel=\"attachment wp-att-502\"><img decoding=\"async\" class=\"size-medium wp-image-502 alignright\" style=\"border-style: initial; border-color: initial;\" title=\"birds flying over mt hermon\" src=\"http:\/\/www.ecoisraeltours.com\/spanish\/wp-content\/uploads\/2011\/12\/birds-flying-over-mt-hermon-300x187.jpg\" alt=\"\" width=\"300\" height=\"187\" srcset=\"https:\/\/www.ecoisraeltours.com\/spanish\/wp-content\/uploads\/2011\/12\/birds-flying-over-mt-hermon-300x187.jpg 300w, https:\/\/www.ecoisraeltours.com\/spanish\/wp-content\/uploads\/2011\/12\/birds-flying-over-mt-hermon-1024x640.jpg 1024w, https:\/\/www.ecoisraeltours.com\/spanish\/wp-content\/uploads\/2011\/12\/birds-flying-over-mt-hermon-144x90.jpg 144w, https:\/\/www.ecoisraeltours.com\/spanish\/wp-content\/uploads\/2011\/12\/birds-flying-over-mt-hermon.jpg 1920w\" sizes=\"(max-width: 300px) 100vw, 300px\" \/><\/a>Israel con un viaje al norte del pa\u00eds, al Valle de Hula Explore la Reserva Natural del Valle de Hula y vea cientos de miles de especies de aves. Ellos representan una peque\u00f1a fracci\u00f3n de los 500 millones de aves que cruzan el espacio a\u00e9reo Israel\u00ed dos veces al a\u00f1o.<\/div>\n<div>&nbsp;<\/div>\n<div style=\"margin-top: -12px; text-align: justify;\">\n<p><span style=\"color: #23282d; font-size: 1.4em; font-weight: 600;\">Los participantes de este tour no solo ver\u00e1n la belleza y la vida silvestre que ofrece la Reserva Natural del Valle de Hula, sino tambi\u00e9n un pedazo de historia.<\/span><\/p>\n<div style=\"padding-top: 5px;\">\n<div style=\"margin-top: 10px;\"><img decoding=\"async\" class=\"size-medium wp-image-502 alignright\" style=\"border-style: initial; border-color: initial;\" title=\"birds flying over mt hermon\" src=\"http:\/\/www.ecoisraeltours.com\/spanish\/wp-content\/uploads\/2011\/12\/king-fisher-at-hula-valley-300x187.jpg\" alt=\"\" width=\"300\" height=\"187\">Lo que una vez fue un lugar donde aves migratorias descansaban en su camino anual de Europa a \u00c1frica y viceversa, es hoy una reserva gracias al trabajo arduo de cient\u00edficos y activistas ambientales. Este lago de 3,200-dunams es hogar de <a href=\"http:\/\/www.ecoisraeltours.com\/spanish\/wp-content\/uploads\/2011\/12\/king-fisher-at-hula-valley-300x187.jpg\" rel=\"attachment wp-att-502\"><\/a>plantas acu\u00e1ticas inusuales. Tambi\u00e9n se pueden encontrar b\u00fafalos de agua pastoreando en las protegidas praderas abiertas.<\/div>\n<\/div>\n<\/div>\n","protected":false},"excerpt":{"rendered":"<p>Tenga la experiencia de vivir una de las m\u00e1s grandes maravillas de la naturaleza de Israel con un viaje al norte del pa\u00eds, al Valle de Hula Explore la Reserva Natural del Valle de Hula y vea cientos de miles de especies de aves. Ellos representan una peque\u00f1a fracci\u00f3n de los 500 millones de aves&#8230;<\/p>\n","protected":false},"author":5,"featured_media":0,"parent":0,"menu_order":0,"comment_status":"open","ping_status":"open","template":"templates\/fullwidth.php","meta":{"ngg_post_thumbnail":0,"_kad_post_transparent":"","_kad_post_title":"","_kad_post_layout":"","_kad_post_sidebar_id":"","_kad_post_content_style":"","_kad_post_vertical_padding":"","_kad_post_feature":"","_kad_post_feature_position":"","_kad_post_header":false,"_kad_post_footer":false,"_kad_post_classname":"","footnotes":""},"class_list":["post-638","page","type-page","status-publish","hentry"],"aioseo_notices":[],"_links":{"self":[{"href":"https:\/\/www.ecoisraeltours.com\/spanish\/wp-json\/wp\/v2\/pages\/638","targetHints":{"allow":["GET"]}}],"collection":[{"href":"https:\/\/www.ecoisraeltours.com\/spanish\/wp-json\/wp\/v2\/pages"}],"about":[{"href":"https:\/\/www.ecoisraeltours.com\/spanish\/wp-json\/wp\/v2\/types\/page"}],"author":[{"embeddable":true,"href":"https:\/\/www.ecoisraeltours.com\/spanish\/wp-json\/wp\/v2\/users\/5"}],"replies":[{"embeddable":true,"href":"https:\/\/www.ecoisraeltours.com\/spanish\/wp-json\/wp\/v2\/comments?post=638"}],"version-history":[{"count":5,"href":"https:\/\/www.ecoisraeltours.com\/spanish\/wp-json\/wp\/v2\/pages\/638\/revisions"}],"predecessor-version":[{"id":1508,"href":"https:\/\/www.ecoisraeltours.com\/spanish\/wp-json\/wp\/v2\/pages\/638\/revisions\/1508"}],"wp:attachment":[{"href":"https:\/\/www.ecoisraeltours.com\/spanish\/wp-json\/wp\/v2\/media?parent=638"}],"curies":[{"name":"wp","href":"https:\/\/api.w.org\/{rel}","templated":true}]}}