{"id":631,"date":"2012-04-30T09:25:05","date_gmt":"2012-04-30T09:25:05","guid":{"rendered":"http:\/\/www.ecoisraeltours.com\/spanish\/?page_id=631"},"modified":"2018-08-11T10:14:38","modified_gmt":"2018-08-11T10:14:38","slug":"granjas-org%c3%a1nicas-en-israel","status":"publish","type":"page","link":"https:\/\/www.ecoisraeltours.com\/spanish\/granjas-org%c3%a1nicas-en-israel\/","title":{"rendered":"Granjas Org\u00e1nicas en Israel"},"content":{"rendered":"<p style=\"text-align: justify;\">Aprenda sobre la emergencia de pr\u00e1cticas agr\u00edcolas org\u00e1nicas en Israel y como <a href=\"http:\/\/www.ecoisraeltours.com\/spanish\/israeli-organic-farming\/sataf_flower_and_wheat_4\/\" rel=\"attachment wp-att-128\"><img decoding=\"async\" class=\"size-medium wp-image-128 alignright\" style=\"border-style: initial; border-color: initial;\" title=\"Sataf_Flower_and_Wheat_4\" src=\"http:\/\/www.ecoisraeltours.com\/spanish\/wp-content\/uploads\/2011\/12\/Sataf_Flower_and_Wheat_4-300x225.jpg\" alt=\"\" width=\"300\" height=\"225\" srcset=\"https:\/\/www.ecoisraeltours.com\/spanish\/wp-content\/uploads\/2011\/12\/Sataf_Flower_and_Wheat_4-300x225.jpg 300w, https:\/\/www.ecoisraeltours.com\/spanish\/wp-content\/uploads\/2011\/12\/Sataf_Flower_and_Wheat_4-1024x768.jpg 1024w, https:\/\/www.ecoisraeltours.com\/spanish\/wp-content\/uploads\/2011\/12\/Sataf_Flower_and_Wheat_4-119x90.jpg 119w\" sizes=\"(max-width: 300px) 100vw, 300px\" \/><\/a>est\u00e1n impactando la agricultura. Disfrute caminar por una granja org\u00e1nica Israel\u00ed, guiada por un granjero. Luego aprenda las ense\u00f1anzas B\u00edblicas sobre cultivo y agricultura, y pruebe productos org\u00e1nicos frescos directos de la granja.<\/p>\n<p style=\"text-align: justify;\">Explore la \u00faltima tendencia en granjas org\u00e1nicas en Israel a trav\u00e9s de la interacci\u00f3n con un granjero en su propia tierra, en Israel. Ofrecemos una experiencia excitante y din\u00e1mica donde unimos el Israel moderno, los problemas ambientales contempor\u00e1neos, y fuentes B\u00edblicas. Usted caminara por una granja, saboreara productos org\u00e1nicos frescos, y entender\u00e1 los beneficios que reciben muchos citadinos al participar de la comida org\u00e1nica y local.<\/p>\n<p style=\"text-align: justify;\"><img decoding=\"async\" class=\"size-medium wp-image-127 alignright\" style=\"border-style: initial; border-color: initial;\" title=\"Sataf-Flower-and-Wheat-3\" src=\"http:\/\/www.ecoisraeltours.com\/spanish\/wp-content\/uploads\/2011\/12\/Sataf-Flower-and-Wheat-3-300x225.jpg\" alt=\"\" width=\"300\" height=\"225\" srcset=\"https:\/\/www.ecoisraeltours.com\/spanish\/wp-content\/uploads\/2011\/12\/Sataf-Flower-and-Wheat-3-300x225.jpg 300w, https:\/\/www.ecoisraeltours.com\/spanish\/wp-content\/uploads\/2011\/12\/Sataf-Flower-and-Wheat-3-1024x768.jpg 1024w, https:\/\/www.ecoisraeltours.com\/spanish\/wp-content\/uploads\/2011\/12\/Sataf-Flower-and-Wheat-3-119x90.jpg 119w\" sizes=\"(max-width: 300px) 100vw, 300px\" \/>Su gu\u00eda le describir\u00e1 el surgimiento de la granjas organicas en Israel en los \u00faltimos 15 a\u00f1os y hablar\u00e1 sobre las innovaciones de vanguardia que impulsan este fen\u00f3meno. Luego facilitar\u00e1 estudios en parejas sobre las fuentes B\u00edblicas que hablan sobre cultivo y agricultura org\u00e1nica, seguido por una animada conversaci\u00f3n sobre estas ideas y sobre como est\u00e1n siendo usadas en un contexto moderno. Al final del d\u00eda usted entender\u00e1 la relevancia de las ense\u00f1anzas y valores B\u00edblicos en los desaf\u00edos modernos.<\/p>\n<h2 style=\"text-align: justify;\">Acomp\u00e1\u00f1enos a explorar el significado de este nuevo desarrollo de la sociedad Israel\u00ed<\/h2>\n<p style=\"text-align: justify;\"><strong><img decoding=\"async\" class=\"size-medium wp-image-128 alignright\" style=\"border-style: initial; border-color: initial;\" title=\"Sataf_Flower_and_Wheat_4\" src=\"http:\/\/www.ecoisraeltours.com\/spanish\/wp-content\/uploads\/2011\/12\/100_1327-300x199.jpg\" alt=\"\" width=\"300\" height=\"199\">Duraci\u00f3n: &nbsp;<\/strong>Ser\u00e1 recibido en su hotel por nuestro personal despu\u00e9s del desayuno a las 8:00a.m., listo para ahondar en el nuevo fen\u00f3meno de la agricultura ecol\u00f3gica. La llegada a la granja ser\u00e1 para las 9:00 a.m. donde recibir\u00e1 una corta descripci\u00f3n de las actividades del d\u00eda. De 9:30 a.m. a 11:30 a.m. usted recorrer\u00e1 la granja, hablara con el granjero Israel\u00ed, y aprender\u00e1 los textos B\u00edblicos relacionados con la agricultura en la Tierra de Israel. El almuerzo ser\u00e1 en la granja, y el regreso al hotel ser\u00e1 para la 1:30 p.m.<a href=\"http:\/\/www.ecoisraeltours.com\/spanish\/wp-content\/uploads\/2011\/12\/100_1327-300x199.jpg\" rel=\"attachment wp-att-128\"><\/a><\/p>\n<p style=\"text-align: justify;\"><em>Tambi\u00e9n ofrecemos tours de un d\u00eda completo.<\/em><\/p>\n<p style=\"text-align: justify;\">Foto de las vacas: \u00a9 2011 Joshua Schaffer<\/p>\n\n\n<p><\/p>\n","protected":false},"excerpt":{"rendered":"<p>Aprenda sobre la emergencia de pr\u00e1cticas agr\u00edcolas org\u00e1nicas en Israel y como est\u00e1n impactando la agricultura. Disfrute caminar por una granja org\u00e1nica Israel\u00ed, guiada por un granjero. Luego aprenda las ense\u00f1anzas B\u00edblicas sobre cultivo y agricultura, y pruebe productos org\u00e1nicos frescos directos de la granja. Explore la \u00faltima tendencia en granjas org\u00e1nicas en Israel a&#8230;<\/p>\n","protected":false},"author":5,"featured_media":0,"parent":0,"menu_order":0,"comment_status":"open","ping_status":"open","template":"templates\/fullwidth.php","meta":{"ngg_post_thumbnail":0,"_kad_post_transparent":"","_kad_post_title":"","_kad_post_layout":"","_kad_post_sidebar_id":"","_kad_post_content_style":"","_kad_post_vertical_padding":"","_kad_post_feature":"","_kad_post_feature_position":"","_kad_post_header":false,"_kad_post_footer":false,"_kad_post_classname":"","footnotes":""},"class_list":["post-631","page","type-page","status-publish","hentry"],"aioseo_notices":[],"_links":{"self":[{"href":"https:\/\/www.ecoisraeltours.com\/spanish\/wp-json\/wp\/v2\/pages\/631","targetHints":{"allow":["GET"]}}],"collection":[{"href":"https:\/\/www.ecoisraeltours.com\/spanish\/wp-json\/wp\/v2\/pages"}],"about":[{"href":"https:\/\/www.ecoisraeltours.com\/spanish\/wp-json\/wp\/v2\/types\/page"}],"author":[{"embeddable":true,"href":"https:\/\/www.ecoisraeltours.com\/spanish\/wp-json\/wp\/v2\/users\/5"}],"replies":[{"embeddable":true,"href":"https:\/\/www.ecoisraeltours.com\/spanish\/wp-json\/wp\/v2\/comments?post=631"}],"version-history":[{"count":4,"href":"https:\/\/www.ecoisraeltours.com\/spanish\/wp-json\/wp\/v2\/pages\/631\/revisions"}],"predecessor-version":[{"id":1502,"href":"https:\/\/www.ecoisraeltours.com\/spanish\/wp-json\/wp\/v2\/pages\/631\/revisions\/1502"}],"wp:attachment":[{"href":"https:\/\/www.ecoisraeltours.com\/spanish\/wp-json\/wp\/v2\/media?parent=631"}],"curies":[{"name":"wp","href":"https:\/\/api.w.org\/{rel}","templated":true}]}}