{"id":1377,"date":"2016-02-09T12:33:42","date_gmt":"2016-02-09T12:33:42","guid":{"rendered":"http:\/\/www.ecoisraeltours.com\/spanish\/?page_id=1377"},"modified":"2016-04-14T08:42:15","modified_gmt":"2016-04-14T08:42:15","slug":"israel-se-convierte-en-un-oasis-de-opciones-en-turismo-ecologico","status":"publish","type":"page","link":"https:\/\/www.ecoisraeltours.com\/spanish\/israel-se-convierte-en-un-oasis-de-opciones-en-turismo-ecologico\/","title":{"rendered":"Israel se convierte en un oasis de opciones en turismo ecologico"},"content":{"rendered":"<p>Este articulo fue publicado por la Agencia Oficial de Noticias de China Xinhua edicion en ingles y re-impreso en el China Daily y otras publicaciones de noticias chinas:<\/p>\n<p>por Zhang Yanyang<\/p>\n<p>JERUSALEM, Agosto 10 (Xinhua) \u2014 La posici\u00f3n dominante de\u00a0Israel\u00a0en el campo de innovaciones en tecnologias limpias ha impulsado la iniciativa de turismo ecol\u00f3gico local, y los empresarios creen que hay una infinidad de oportunidades para conectar esta tecnologia limpia con el turismo en Tierra Santa.<\/p>\n<p>\u201cHay muchas\u00a0iniciativas ecol\u00f3gicas \u00fanicas e interesantes\u00a0en Israel, no se puede dejar de incluir ese elemento en cualquiera de las visitas a este peque\u00f1o pa\u00eds.\u00bb\u00a0un gu\u00eda de turismo israel\u00ed, le dijo a\u00a0Xinhua.<\/p>\n<p>El agrego que muchas de las atracciones del Estado jud\u00edo como un destino tur\u00edstico esta basado en la tierra en si misma relacionado con los retos ambientales los cuales estimulan el desarrollo de tecnolog\u00edas limpias en las industrias en Israel.<\/p>\n<p>\u201c<span style=\"color: #333333; font-family: Arial, Helvetica, sans-serif;\">La\u00a0tecnolog\u00eda\u00a0limpia en la que Israel se embarca no es solo porque estamos altamente desarrollados\u00a0tecnol\u00f3gicamente, sino mas bien debido a que se trata de\u00a0cuestiones urgentes que tienen que ver con el clima y el medio ambiente en el que vivimos\u00bb, dijo Goldfarb.<\/span><\/p>\n<p>Con un clima \u00e1rido,\u00a0poco combustible f\u00f3sil, limitados recursos de la tierra y sequ\u00edas, fue natural para Israel convertirse en un pionero en el desarrollo de tecnolog\u00edas para la conservaci\u00f3n del agua, opciones alternativas de energ\u00eda,aplicaciones de red y alternativas al petroleo.<\/p>\n<p>ENERGIA VERDE.<\/p>\n<p>Como la necesidad es la madre de la invenci\u00f3n, investigadores en ambos sectores, privado y acad\u00e9mico, han sido fundamentales para el desarrollo de innovaciones en energ\u00edas renovables y tecnolog\u00edas para el agua.<\/p>\n<p><span style=\"color: #333333; font-family: Arial, Helvetica, sans-serif;\">Dada la abundancia de la luz solar en Israel, la energ\u00eda solar fue una de las primeras alternativas de fuente de energ\u00eda en la que los investigadores se centraron. El pa\u00eds ha sido el l\u00edder\u00a0<\/span>mundial en el uso de la energ\u00eda solar per capita con el 85% de h<span style=\"color: #333333; font-family: Arial, Helvetica, sans-serif;\">ogares que utilizan sistemas de\u00a0energ\u00eda\u00a0solar t\u00e9rmica, el\u00a0porcentaje<\/span>\u00a0mas alto del mundo per capita de uso de energ\u00eda solar.<\/p>\n<p>As\u00ed como tambien en tecnolog\u00edas para el agua, Israel ha sido el l\u00edder mundial llegando casi al 75% en reutilizar sus efluentes en agricultura.\u00a0El riego por goteo, otro de los inventos israel\u00edes, supera el 90% de la eficiencia del agua y representa del 30 al 50% de ahorro en agua utilizada para el riego.<\/p>\n<p>Las plantas de desalinizaci\u00f3n de Israel, entre las mas grandes del mundo,\u00a0ya han suministrado mas de 300 millones de cent\u00edmetros c\u00fabicos (mcc)\u00a0de agua por a\u00f1o, y van a suministrar cerca de 750 mcc anualmente para el 2020, cubriendo el consumo total de agua de los hogares del estado jud\u00edo.<\/p>\n<p>Actualmente hay 3 plantas desalinizadoras operando en Israel. Una planta en Palmahim que produce 45 mcc anualmente, otra planta en Ashkelon que produce 110 cmm y una planta en Hadera que produce 127 mcc anualmente.<\/p>\n<p>POTENCIAL\u00a0PARA EL TURISMO.<\/p>\n<p>\u201cCon el crecimiento del turismo de China es Israel, existe la posibilidad que puedan explorar los grandes sitios naturales de Israel, y si liderazgo en innovaci\u00f3n ambiental\u00bb, digo Gidon Melmed, un empresario Israel\u00ed especializado en desarrollo sustentable.<\/p>\n<p>\u201cPuedes llevar gente a\u00a0Zenith Solar,\u00a0el cual es un campo solar en el\u00a0kibbutz Yavneh, cerca del sur de la ciudad de Ashdod, o\u00a0a\u00a0Better Place,\u00a0el cual esta construyendo una red de autos el\u00e9ctricos para darle a la gente una idea de las soluciones ambientales que se est\u00e1n implementando en Israel\u00bb, dijo\u00a0Melmed.<\/p>\n<p>Zenith Solar, una compa\u00f1\u00eda que desarrolla plantas usando una alta concentraci\u00f3n de energ\u00eda solar fotovoltaica, dijo que su tecnolog\u00eda cosecha mas del 70% de la energ\u00eda solar, comparado con otras industrias que solo lo hacen en un porcentaje del 10 al 40 por\u00a0ciento.<\/p>\n<p>Melmed observo que el\u00a0Shafdan, la planta de regeneraci\u00f3n\u00a0mas larga y avanzada de su tipo en Medio Oriente con una capacidad para tratar 330 cent\u00edmetros c\u00fabicos de desperdicios por d\u00eda, es tambi\u00e9n un lugar popular para tours.<\/p>\n<p>Jonathan Neril, el director de\u00a0Eco Israel Tours, una empresa que se centra en la naturaleza de Israel y la cultura de la innovaci\u00f3n, dijo que vio un tremendo potencial para expandir mucho mas lejos la industria del eco-turismo.<\/p>\n<p>\u201cA\u00a0pesar de sus desaf\u00edos, Israel es un l\u00edder mundial en soluciones ecol\u00f3gicas para los problemas ambientales\u00bb, dijo Neril, \u00abhay un enorme\u00a0potencial para\u00a0los viajes que ofrecen una experiencia interactiva, din\u00e1mica sobre el emocionante mundo dentro de\u00a0Israel explorando sus soluciones a los desaf\u00edos globales modernos y los problemas tales como el agua y la energ\u00eda.\u00bb<\/p>\n<p>Mientras que el Gobierno Israeli ha fijado el objetivo de generar una d\u00e9cima parte de la producci\u00f3n de la energ\u00eda para el 2020 a partir de fuentes de energ\u00edas renovables, frente a menos de la mitad del porcentaje en el presente, expertos de la industria esperan un boom en iniciativas de energias limpias.<\/p>\n<p>LARGO CAMINO POR RECORRER.<\/p>\n<p>Pero algunos en la industria del turismo advirtieron que todav\u00eda falta un largo camino antes que los turistas puedan tener una perspectiva completa sobre los avances de Israel en tecnolog\u00eda limpia.<\/p>\n<p>\u201cAunque hay varias industrias de energ\u00eda limpia en Israel, todav\u00eda necesitan aprender sobre como ser mas accesible para los turistas,\u201d dijo\u00a0Goldfarb. \u201cEs dificil lidiar con la burocracia,\u00bb\u00a0agreg\u00f3, se\u00f1alando que hab\u00eda pasado una semana tratando de conseguir el permiso para un grupo que el estaba guiando, para visitar un proyecto solar en el desierto.<\/p>\n<p>Agrego que cualquier\u00a0tour verdadero de tecnologia limpia deber\u00eda reexaminar el turismo tradicional y buscar maneras de hacer mas ecol\u00f3gicos los sitios a los que todos van.<\/p>\n<p>\u201cEs una lastima que cuando vas a un lugar tradicional como Masada, el cual presenta los restos de una intrincada de 2000 a\u00f1os de antig\u00fcedad del sistema de suministro de agua, o el Kinneret, la mas larga y mas importante fuente y deposito de agua potable en Israel, y no hay ni un solo lugar para reciclar las botellas que se llevan consigo.\u00bb\u00a0dijo\u00a0Goldfarb.<\/p>\n<p>\u201cSi cada compa\u00f1\u00eda de viajes en lugar de darles a sus clientes una botella de agua mineral, les diera una botella re-utilizable \u00a0y les ense\u00f1ara como rellenarla cada d\u00eda, eso har\u00eda instant\u00e1neamente mas ecol\u00f3gica la industria del turismo,\u00bb a\u00f1adi\u00f3.<\/p>\n","protected":false},"excerpt":{"rendered":"<p>Este articulo fue publicado por la Agencia Oficial de Noticias de China Xinhua edicion en ingles y re-impreso en el China Daily y otras publicaciones de noticias chinas: por Zhang Yanyang JERUSALEM, Agosto 10 (Xinhua) \u2014 La posici\u00f3n dominante de\u00a0Israel\u00a0en el campo de innovaciones en tecnologias limpias ha impulsado la iniciativa de turismo ecol\u00f3gico local,&#8230;<\/p>\n","protected":false},"author":5,"featured_media":0,"parent":0,"menu_order":0,"comment_status":"closed","ping_status":"closed","template":"templates\/fullwidth.php","meta":{"ngg_post_thumbnail":0,"_kad_post_transparent":"","_kad_post_title":"","_kad_post_layout":"","_kad_post_sidebar_id":"","_kad_post_content_style":"","_kad_post_vertical_padding":"","_kad_post_feature":"","_kad_post_feature_position":"","_kad_post_header":false,"_kad_post_footer":false,"_kad_post_classname":"","footnotes":""},"class_list":["post-1377","page","type-page","status-publish","hentry"],"aioseo_notices":[],"_links":{"self":[{"href":"https:\/\/www.ecoisraeltours.com\/spanish\/wp-json\/wp\/v2\/pages\/1377","targetHints":{"allow":["GET"]}}],"collection":[{"href":"https:\/\/www.ecoisraeltours.com\/spanish\/wp-json\/wp\/v2\/pages"}],"about":[{"href":"https:\/\/www.ecoisraeltours.com\/spanish\/wp-json\/wp\/v2\/types\/page"}],"author":[{"embeddable":true,"href":"https:\/\/www.ecoisraeltours.com\/spanish\/wp-json\/wp\/v2\/users\/5"}],"replies":[{"embeddable":true,"href":"https:\/\/www.ecoisraeltours.com\/spanish\/wp-json\/wp\/v2\/comments?post=1377"}],"version-history":[{"count":2,"href":"https:\/\/www.ecoisraeltours.com\/spanish\/wp-json\/wp\/v2\/pages\/1377\/revisions"}],"predecessor-version":[{"id":1380,"href":"https:\/\/www.ecoisraeltours.com\/spanish\/wp-json\/wp\/v2\/pages\/1377\/revisions\/1380"}],"wp:attachment":[{"href":"https:\/\/www.ecoisraeltours.com\/spanish\/wp-json\/wp\/v2\/media?parent=1377"}],"curies":[{"name":"wp","href":"https:\/\/api.w.org\/{rel}","templated":true}]}}