{"id":1356,"date":"2016-02-09T10:22:14","date_gmt":"2016-02-09T10:22:14","guid":{"rendered":"http:\/\/www.ecoisraeltours.com\/spanish\/?page_id=1356"},"modified":"2018-08-11T12:03:52","modified_gmt":"2018-08-11T12:03:52","slug":"%e2%80%8b-eco-viaje-en-israel","status":"publish","type":"page","link":"https:\/\/www.ecoisraeltours.com\/spanish\/%e2%80%8b-eco-viaje-en-israel\/","title":{"rendered":"Eco-Viaje en Israel"},"content":{"rendered":"<p style=\"text-align: justify;\">Por Abigail Clein Leichman para ISRAEL21c<\/p>\n<p style=\"text-align: justify;\">Los tours guiados permiten a visitantes de distintos pa\u00edses descubrir las t\u00e9cnicas para una agricultura natural, conservaci\u00f3n del agua y energ\u00eda sustentable.<\/p>\n<p style=\"text-align: justify;\"><img decoding=\"async\" class=\"size-full wp-image-1357 alignright\" src=\"http:\/\/www.ecoisraeltours.com\/spanish\/wp-content\/uploads\/2016\/02\/sde-eliyahu-donkey-668x288.jpg\" alt=\"sde-eliyahu-donkey-668x288\" width=\"668\" height=\"288\" srcset=\"https:\/\/www.ecoisraeltours.com\/spanish\/wp-content\/uploads\/2016\/02\/sde-eliyahu-donkey-668x288.jpg 668w, https:\/\/www.ecoisraeltours.com\/spanish\/wp-content\/uploads\/2016\/02\/sde-eliyahu-donkey-668x288-300x129.jpg 300w, https:\/\/www.ecoisraeltours.com\/spanish\/wp-content\/uploads\/2016\/02\/sde-eliyahu-donkey-668x288-209x90.jpg 209w\" sizes=\"(max-width: 668px) 100vw, 668px\" \/><\/p>\n<p style=\"text-align: justify;\">El t\u00edpico itinerario por Israel incluye sitios religiosos y arqueol\u00f3gicos, museos y un d\u00eda en la playa. Porque no agregar un destino \u00abverde\u00bb para aprender como los israel\u00edes est\u00e1n conservando el agua, produciendo cultivos org\u00e1nicos y desarrollando energ\u00eda renovable?<\/p>\n<p style=\"text-align: justify;\"><span style=\"color: #333333; font-family: Arial, Helvetica, sans-serif;\">Hace un par de a\u00f1os, ISRAEL21c&nbsp;ofreci\u00f3&nbsp;un&nbsp;top list de los 10 eco-viajes en Israel<\/span>, y el &nbsp;nicho ha ido ganando popularidad de manera constante, como ejemplo tenemos el Simposio Internacional para un Verde y Accesible Peregrinaje en Jerusalem recientemente inaugurado.<\/p>\n<p style=\"text-align: justify;\"><span style=\"color: #333333; font-family: Arial, Helvetica, sans-serif;\">Durante el Simposio, <\/span>Yonatan Neril,&nbsp;<span style=\"color: #333333; font-family: Arial, Helvetica, sans-serif;\">el fundador de Eco Israel Tours&nbsp;llevo a participantes locales y extranjeros a ver la&nbsp;producci\u00f3n&nbsp;de&nbsp;energ\u00eda&nbsp;solar en el Negev&nbsp;y&nbsp;alimentos sustentables en el Mercado de Jerusalem Machane Yehuda,<\/span><span style=\"color: #333333; font-family: Arial, Helvetica, sans-serif;\">&nbsp;y secretos ancestrales&nbsp;sobre la&nbsp;conservaci\u00f3n&nbsp;del agua.<\/span><\/p>\n<p style=\"text-align: justify;\">Difunde la palabra:<\/p>\n<ul style=\"text-align: justify;\">\n<li>Envia por e-mail este articulo a amigos o colegas.<\/li>\n<li>Comparte este articulo en Facebook o Twitter.<\/li>\n<li>Escribe sobre ello y manda el link del articulo en tu blog.<\/li>\n<li>Relevancia Local? Manda este articulo a la prensa local.<\/li>\n<\/ul>\n<p style=\"text-align: justify;\">\u201cOfrecemos 10 tours mostrando la&nbsp;conexi\u00f3n&nbsp;entre Israel y la&nbsp;ecolog\u00eda, lo cual es un fen\u00f3meno&nbsp;muy interesante y&nbsp;creciente desde la perspectiva de la&nbsp;tecnolog\u00eda&nbsp;verde, vanguardia en tratamiento de aguas residuales,&nbsp;energ\u00eda&nbsp;solar y las gemas naturales de la tierra\u00bb, dice Neril, de 32 a\u00f1os, de California con&nbsp;t\u00edtulo&nbsp;de la Universidad de Stanford en asuntos de medio ambiente global y desarrollo sustentable.<\/p>\n<p style=\"text-align: justify;\"><span style=\"color: #333333; font-family: Arial, Helvetica, sans-serif;\">Tambi\u00e9n<\/span><span style=\"color: #333333; font-family: Arial, Helvetica, sans-serif;\">&nbsp;es un rabino ordenado y editor y contribuyente en dos libros sobre&nbsp;Juda\u00edsmo&nbsp;y&nbsp;Ecolog\u00eda, Neril fundo en 2010&nbsp;el Centro Interreligioso por el Desarrollo Sustentable. Sus ramas incluyen Eco Seminarios&nbsp;Jud\u00edos&nbsp;y Eco Israel Tours.<\/span><\/p>\n<p style=\"text-align: justify;\"><span style=\"color: #333333; font-family: Arial, Helvetica, sans-serif;\">Los participantes pueden escoger complementar esos tours (en Ingles, Espa\u00f1ol, o Hebreo), con importantes ense\u00f1anzas sobre fe de distintas religiones. El sitio web del Centro Interreligioso por el Desarrollo Sustentable contiene links a 40&nbsp;v\u00eddeos<\/span>&nbsp;de lideres religiosos, Desde el Dailai Lama hasta&nbsp;Desmond Tutu y Sheik Muhammad Amara, exponiendo sus perspectivas sobre medio ambiente.<\/p>\n<p style=\"text-align: justify;\">Juda\u00edsmo y ecolog\u00eda est\u00e1n tambi\u00e9n entre los talles ofrecidos por el Centro Multidisciplinario para una Vida Sustentable&nbsp;<a title=\"http:\/\/www.ecoisraeltours.com\/eco-tripping-in-israel\/# Ctrl+Haga clic o puntee para seguir el v\u00ednculo\" href=\"http:\/\/www.ecoisraeltours.com\/eco-tripping-in-israel\/#\">Hava &amp; Adam<\/a>0&nbsp;,el cual tiene una granja eco-educacional sin fines de lucro en Modi&#8217;in. Hay otros talleres como el moldeado de barro, identificaci\u00f3n y uso de hierbas medicinales, y creaci\u00f3n de artesan\u00edas a&nbsp;partir de materiales naturales y reciclados.<\/p>\n<p style=\"text-align: justify;\">\u201cHava &amp; Adam es un lugar interesante para ver mas de como es la vida sustentable\u00bb, Gili Chupak, director comercial, le dice a ISRAEL21c.<\/p>\n<p style=\"text-align: justify;\"><img decoding=\"async\" class=\"size-full wp-image-1359 alignright\" src=\"http:\/\/www.ecoisraeltours.com\/spanish\/wp-content\/uploads\/2016\/02\/sataf-trail.jpg\" alt=\"sataf-trail\" width=\"620\" height=\"348\" srcset=\"https:\/\/www.ecoisraeltours.com\/spanish\/wp-content\/uploads\/2016\/02\/sataf-trail.jpg 620w, https:\/\/www.ecoisraeltours.com\/spanish\/wp-content\/uploads\/2016\/02\/sataf-trail-300x168.jpg 300w, https:\/\/www.ecoisraeltours.com\/spanish\/wp-content\/uploads\/2016\/02\/sataf-trail-160x90.jpg 160w\" sizes=\"(max-width: 620px) 100vw, 620px\" \/><\/p>\n<p style=\"text-align: justify;\">Visitantes internacionales reciben una&nbsp;explicaci\u00f3n&nbsp;sobre el sistema&nbsp;ecol\u00f3gico&nbsp;de granjas, tales como paneles solares para electricidad, ba\u00f1os de compost, y agua \u00abgris\u00bb para alimentar una gran variedad de productos&nbsp;org\u00e1nicos.<\/p>\n<p style=\"text-align: justify;\">SEIS PALABRAS PARA LA LLUVIA.<\/p>\n<p style=\"text-align: justify;\">ISRAEL21c se uni\u00f3 a&nbsp;Neril en una caminata guiada en la Reserva Natural de&nbsp;Sataf en el Oeste de Jerusalem, a lo largo del Sendero Nacional de Israel.&nbsp;Mantenido por la Fundaci\u00f3n Nacional Jud\u00eda, Sataf ofrece una visi\u00f3n de la vida que tuvieron nuestro antepasados quienes construyeron sus casas a partir de barro y piedras.<\/p>\n<p style=\"text-align: justify;\">Neril trajo consigo una toalla, papel de ba\u00f1o y bolsas pl\u00e1sticas &#8211; el equivalente moderno, explico, de la ley b\u00edblica requerida a los soldados israelitas para llevar una pala con el fin de cubrir sus desechos corporales y mantener la tierra limpia. Hoy este concepto es conocido como No Dejar&nbsp;Rastros (NDR).<\/p>\n<p style=\"text-align: justify;\">El explico que Sataf comenz\u00f3 a existir hace 6,000 a\u00f1os atr\u00e1s, y hay evidencia de unas terrazas de piedra de alrededor 4,500 a\u00f1os de antig\u00fcedad. Esas estructuras canalizaban agua de las monta\u00f1as que se encontraban cerca &#8211; la cual hoy&nbsp;todav\u00eda fluye hacia Sataf&nbsp;para nutrir los cultivos de hortalizas, olivos y vides .<\/p>\n<p style=\"text-align: justify;\">\u201cSin terrazas,este tipo de agricultura no es realmente posible porque el agua se saldr\u00eda de la colina\u00bb, el explica. \u00abLas colinas est\u00e1n levemente inclinadas para traer agua a los arboles en esas terrazas, lo que permite la preservaci\u00f3n de las escazas fuentes de agua. La lluvia solo cae de Octubre a Abril en Israel y se necesita conseguir la mayor cantidad de agua posible durante los otros seis &nbsp;meses.<\/p>\n<p style=\"text-align: justify;\"><img decoding=\"async\" class=\"size-full wp-image-1361 alignright\" src=\"http:\/\/www.ecoisraeltours.com\/spanish\/wp-content\/uploads\/2016\/02\/yonatan-neril.jpg\" alt=\"yonatan-neril\" width=\"620\" height=\"345\" srcset=\"https:\/\/www.ecoisraeltours.com\/spanish\/wp-content\/uploads\/2016\/02\/yonatan-neril.jpg 620w, https:\/\/www.ecoisraeltours.com\/spanish\/wp-content\/uploads\/2016\/02\/yonatan-neril-300x167.jpg 300w, https:\/\/www.ecoisraeltours.com\/spanish\/wp-content\/uploads\/2016\/02\/yonatan-neril-162x90.jpg 162w\" sizes=\"(max-width: 620px) 100vw, 620px\" \/><\/p>\n<p style=\"text-align: justify;\">&nbsp;<\/p>\n<p style=\"text-align: justify;\"><span style=\"color: #333333; font-family: Arial, Helvetica, sans-serif;\">El hebreo tiene seis palabras que describen la&nbsp;precipitaci\u00f3n&nbsp;&#8211;&nbsp;geshem, yored, malkosh, revivim, se\u2019irim, matar.&nbsp;<\/span><span style=\"color: #333333; font-family: Arial, Helvetica, sans-serif;\">\u201cEl&nbsp;Language refleja el entorno natural, y los habitantes de este entorno siempre tuvieron una gran&nbsp;apreciaci\u00f3n&nbsp;por la lluvia debido a su escazes,\u00bb dice Neril, agregando que el Israel moderno es un&nbsp;l\u00edder&nbsp;mundial en la reutilizaci\u00f3n de agua de desechos para la agricultura.<\/span><\/p>\n<p style=\"text-align: justify;\">&nbsp;<\/p>\n<p style=\"text-align: justify;\">LOS PAJAROS Y LAS ABEJAS.<\/p>\n<p style=\"text-align: justify;\">\u201cAhora vamos a hablar sobre la vida sexual de la palmera de d\u00e1tiles,\u00bb dice Beni Gavrieli, Gu\u00eda de ISRAEL21c para Bio-tour en el Kibbutz de 75 a\u00f1os&nbsp;Sde-Eliyahu en el Valle de&nbsp;&nbsp;Bet She\u2019an.<\/p>\n<p style=\"text-align: justify;\"><span style=\"color: #333333; font-family: Arial, Helvetica, sans-serif;\">La agricultura org\u00e1nica de Israel se reduce a los p\u00e1jaros y las abejas, y este tour de dos horas muestra a los eco-turistas como funciona.&nbsp;Oriundo de America,&nbsp;Gavrieli explica que Sde Eliyahu tiene una de las granjas org\u00e1nicas mas grandes que operan en Israel.<br \/>\n<\/span><\/p>\n<p style=\"text-align: justify;\"><span style=\"color: #333333; font-family: Arial, Helvetica, sans-serif;\">El cambio ocurri\u00f3 en 1974, cuando el kibbuztnik Mario Levy, ahora con 90 a\u00f1os, decidido a entender como el Valle de Beit She&#8217;an fue el granero del antiguo Israel sin pesticidas qu\u00edmicos ni fertilizantes. El viento que soplaba hacia que esas sustancias estuvieran enfermando a las familias que vivian cerca de los cultivos. Con el tiempo, Levy se convirti\u00f3 en un experto en la agricultura natural.<br \/>\n<\/span><\/p>\n<p style=\"text-align: justify;\"><span style=\"color: #333333; font-family: Arial, Helvetica, sans-serif;\">La agricultura org\u00e1nica no se trata solo de prohibir los qu\u00edmicos y usar compost, explica Gavrieli a los visitantes de Bio-tour de Norte America, Europa, Asia y \u00c1frica. \u00abSe trata de mirar lo que la naturaleza nos provee y como trabajar juntos con ella y no en su contra.\u00bb<br \/>\n<\/span><\/p>\n<p style=\"text-align: justify;\"><img decoding=\"async\" class=\"size-full wp-image-1366 alignright\" src=\"http:\/\/www.ecoisraeltours.com\/spanish\/wp-content\/uploads\/2016\/02\/owl-nesting-box.jpg\" alt=\"owl-nesting-box\" width=\"620\" height=\"348\" srcset=\"https:\/\/www.ecoisraeltours.com\/spanish\/wp-content\/uploads\/2016\/02\/owl-nesting-box.jpg 620w, https:\/\/www.ecoisraeltours.com\/spanish\/wp-content\/uploads\/2016\/02\/owl-nesting-box-300x168.jpg 300w, https:\/\/www.ecoisraeltours.com\/spanish\/wp-content\/uploads\/2016\/02\/owl-nesting-box-160x90.jpg 160w\" sizes=\"(max-width: 620px) 100vw, 620px\" \/><\/p>\n<p style=\"text-align: justify;\">&nbsp;<\/p>\n<p style=\"text-align: justify;\">En los primeros tiempos, utilizaban veneno para controlar la plaga de ratas en el campo. Los b\u00fahos se com\u00edan los ratones envenenados, los chacales a los b\u00fahos envenenados y as\u00ed se produc\u00eda una cadena de muerte.&nbsp;La construcci\u00f3n de 120 nidos para b\u00fahos &#8211; y ense\u00f1ando a los agricultores vecinos en Israel y Jordania como hacer lo mismo, resolvieron el problema de manera natural.<\/p>\n<p style=\"text-align: justify;\">En cuanto a los&nbsp;d\u00e1tiles, la polinizacion de los arboles femeninos se hace cuidadosamente a mano, porque se produce mas fruta que con la polinizacion&nbsp;natural del viento.&nbsp;&nbsp;Sin embargo, los arboles deben ser fertilizados y podados y algunas de los frutos&nbsp;j\u00f3venes&nbsp;se infecta con plagas.<\/p>\n<p style=\"text-align: justify;\"><span style=\"color: #333333; font-family: Arial, Helvetica, sans-serif;\">Una manada de burros fue introducida hace aproximadamente 15 a\u00f1os para cuidar de todas estas cuestiones. Los burros se comen las malezas y su&nbsp;esti\u00e9rcol&nbsp;fertiliza los arboles.&nbsp;Tambi\u00e9n&nbsp;se comen los&nbsp;d\u00e1tiles&nbsp;infestados, matando efectivamente los huevos de los insectos. \u00abEllos son como los&nbsp;ingenieros&nbsp;sanitarios de la&nbsp;plantaci\u00f3n&nbsp;de&nbsp;d\u00e1tiles\u00bb, dice Gavriel.<br \/>\n<\/span><\/p>\n<p style=\"text-align: justify;\">Desde 1983, los sistemas biol\u00f3gicos Bio-Bee de Sde Eliyahs han estado criando y vendiendo enemigos naturales de las plagas agr\u00edcolas comunes, como tambi\u00e9n abejorros para la polinizacion en invernaderos alrededor del mundo &#8211; recientemente, en India.&nbsp;Tambi\u00e9n,&nbsp;Bio-Fly produce machos est\u00e9riles de moscas de la fruta&nbsp;del Mediterr\u00e1neo,lo que destierra a este destructivo insecto haciendo que se apareen con moscas femeninas y previniendo que los huevos eclosionen.<\/p>\n<p style=\"text-align: justify;\">Podr\u00e1s&nbsp;ver todo esto y mucho mas en&nbsp;Bio-Tour, incluso puedes comprar una remera y productos org\u00e1nicos al&nbsp;final para probar que estuviste ahi.<\/p>\n<div style=\"text-align: justify;\">&nbsp;<\/div>\n","protected":false},"excerpt":{"rendered":"<p>Por Abigail Clein Leichman para ISRAEL21c Los tours guiados permiten a visitantes de distintos pa\u00edses descubrir las t\u00e9cnicas para una agricultura natural, conservaci\u00f3n del agua y energ\u00eda sustentable. El t\u00edpico itinerario por Israel incluye sitios religiosos y arqueol\u00f3gicos, museos y un d\u00eda en la playa. Porque no agregar un destino \u00abverde\u00bb para aprender como los&#8230;<\/p>\n","protected":false},"author":5,"featured_media":0,"parent":0,"menu_order":0,"comment_status":"closed","ping_status":"closed","template":"templates\/fullwidth.php","meta":{"ngg_post_thumbnail":0,"_kad_post_transparent":"","_kad_post_title":"","_kad_post_layout":"","_kad_post_sidebar_id":"","_kad_post_content_style":"","_kad_post_vertical_padding":"","_kad_post_feature":"","_kad_post_feature_position":"","_kad_post_header":false,"_kad_post_footer":false,"_kad_post_classname":"","footnotes":""},"class_list":["post-1356","page","type-page","status-publish","hentry"],"aioseo_notices":[],"_links":{"self":[{"href":"https:\/\/www.ecoisraeltours.com\/spanish\/wp-json\/wp\/v2\/pages\/1356","targetHints":{"allow":["GET"]}}],"collection":[{"href":"https:\/\/www.ecoisraeltours.com\/spanish\/wp-json\/wp\/v2\/pages"}],"about":[{"href":"https:\/\/www.ecoisraeltours.com\/spanish\/wp-json\/wp\/v2\/types\/page"}],"author":[{"embeddable":true,"href":"https:\/\/www.ecoisraeltours.com\/spanish\/wp-json\/wp\/v2\/users\/5"}],"replies":[{"embeddable":true,"href":"https:\/\/www.ecoisraeltours.com\/spanish\/wp-json\/wp\/v2\/comments?post=1356"}],"version-history":[{"count":20,"href":"https:\/\/www.ecoisraeltours.com\/spanish\/wp-json\/wp\/v2\/pages\/1356\/revisions"}],"predecessor-version":[{"id":1541,"href":"https:\/\/www.ecoisraeltours.com\/spanish\/wp-json\/wp\/v2\/pages\/1356\/revisions\/1541"}],"wp:attachment":[{"href":"https:\/\/www.ecoisraeltours.com\/spanish\/wp-json\/wp\/v2\/media?parent=1356"}],"curies":[{"name":"wp","href":"https:\/\/api.w.org\/{rel}","templated":true}]}}