{"id":1316,"date":"2016-01-26T10:25:55","date_gmt":"2016-01-26T10:25:55","guid":{"rendered":"http:\/\/www.ecoisraeltours.com\/spanish\/?page_id=1316"},"modified":"2018-09-22T15:49:21","modified_gmt":"2018-09-22T15:49:21","slug":"paneles-interreligiosos","status":"publish","type":"page","link":"https:\/\/www.ecoisraeltours.com\/spanish\/paneles-interreligiosos\/","title":{"rendered":"Paneles Interreligiosos"},"content":{"rendered":"<p style=\"text-align: justify;\"><span style=\"color: #333333; font-family: Arial, Helvetica, sans-serif;\">El Centro Interreligioso por el<\/span><span style=\"color: #333333; font-family: Arial, Helvetica, sans-serif;\"> Desarrollo Sustentable organiza paneles <img decoding=\"async\" class=\"alignright wp-image-1317\" src=\"http:\/\/www.ecoisraeltours.com\/spanish\/wp-content\/uploads\/2016\/01\/panel1.jpg\" alt=\"panel1\" width=\"319\" height=\"239\" srcset=\"https:\/\/www.ecoisraeltours.com\/spanish\/wp-content\/uploads\/2016\/01\/panel1.jpg 3264w, https:\/\/www.ecoisraeltours.com\/spanish\/wp-content\/uploads\/2016\/01\/panel1-300x225.jpg 300w, https:\/\/www.ecoisraeltours.com\/spanish\/wp-content\/uploads\/2016\/01\/panel1-768x576.jpg 768w, https:\/\/www.ecoisraeltours.com\/spanish\/wp-content\/uploads\/2016\/01\/panel1-1024x768.jpg 1024w, https:\/\/www.ecoisraeltours.com\/spanish\/wp-content\/uploads\/2016\/01\/panel1-120x90.jpg 120w\" sizes=\"(max-width: 319px) 100vw, 319px\" \/>interreligiosos con el clero y personalidades religiosas de&nbsp;m\u00faltiples&nbsp;religiones. Estos paneles le permiten a grupos de estudiantes, turistas y otros, poder escuchar una variedad de distinguidas personas de la fe viviendo en Jerusalem.<\/span><\/p>\n<p style=\"text-align: justify;\">La mayor\u00eda de los paneles est\u00e1n compuestos por un musulm\u00e1n, un cristiano y un jud\u00edo, pero los panales con representantes de la religi\u00f3n Bahai y\/o drusos se pueden organizar bajo petici\u00f3n. Despu\u00e9s de que los panelistas respondan las preguntas del moderador, los participantes tambi\u00e9n le podr\u00e1n realizar preguntas o compartir sus comentarios.<\/p>\n<div style=\"text-align: justify;\">El tema general del panel y las preguntas para el mismo se pueden establecer&nbsp;con anticipaci\u00f3n&nbsp;para que puedan&nbsp;adaptarse a los intereses espec\u00edficos del grupo. <img decoding=\"async\" class=\"alignright size-full wp-image-1321\" src=\"http:\/\/www.ecoisraeltours.com\/spanish\/wp-content\/uploads\/2016\/01\/panel2.jpg\" alt=\"panel2\" width=\"319\" height=\"239\" srcset=\"https:\/\/www.ecoisraeltours.com\/spanish\/wp-content\/uploads\/2016\/01\/panel2.jpg 2272w, https:\/\/www.ecoisraeltours.com\/spanish\/wp-content\/uploads\/2016\/01\/panel2-300x225.jpg 300w, https:\/\/www.ecoisraeltours.com\/spanish\/wp-content\/uploads\/2016\/01\/panel2-768x576.jpg 768w, https:\/\/www.ecoisraeltours.com\/spanish\/wp-content\/uploads\/2016\/01\/panel2-1024x768.jpg 1024w, https:\/\/www.ecoisraeltours.com\/spanish\/wp-content\/uploads\/2016\/01\/panel2-120x90.jpg 120w\" sizes=\"(max-width: 319px) 100vw, 319px\" \/>Los posibles temas incluyen conocer como las personas de diferentes religiones se refieren a:<\/div>\n<ul style=\"text-align: justify;\">\n<li>\n<div>Coexistencia<\/div>\n<\/li>\n<li>\n<div>Sustentabilidad medio ambiental y ense\u00f1anzas sobre fe<\/div>\n<\/li>\n<li>\n<div>Jerusalem como ciudad santa<\/div>\n<\/li>\n<li>\n<div>Administraci\u00f3n de Tierra Santa<\/div>\n<\/li>\n<\/ul>\n<div style=\"text-align: justify;\">El Centro Interreligioso por el Desarrollo Sustentable ha organizado una serie de paneles interreligiosos para distintos clientes, incluyendo entre ellos El Instituto de Estudios Ambientales&nbsp;Arava y Travcoa\/Diesenhaus Unitours. Entre los panelistas se han incluido sacerdotes, imans, rabinos, profesores, entre otros, de instituciones&nbsp;&nbsp;con sede en Jerusalem tales como el Instituto Teol\u00f3gico Sueco, Universidad Al Quds y el Instituto&nbsp;Ecum\u00e9nico Tantur. El Costo por un panel de una hora de duraci\u00f3n en el Centro Intercultural de Jerusalem en el Monte Zion es de 1,300 NIS.<\/div>\n<p style=\"text-align: justify;\">Si le gustar\u00eda programar un panel interreligioso para su grupo, por favor <a href=\"http:\/\/www.ecoisraeltours.com\/spanish\/contacto\/\">cont\u00e1ctenos<\/a>.<\/p>\n<h4 style=\"text-align: justify;\"><strong>Testimonio:<\/strong><\/h4>\n<p style=\"text-align: justify;\"><em>\u201cNuestro grupo participo en el panel interreligoso como una parte <\/em><img decoding=\"async\" class=\"alignright size-full wp-image-1327\" src=\"http:\/\/www.ecoisraeltours.com\/spanish\/wp-content\/uploads\/2016\/01\/panel3.jpg\" alt=\"panel3\" width=\"319\" height=\"239\" srcset=\"https:\/\/www.ecoisraeltours.com\/spanish\/wp-content\/uploads\/2016\/01\/panel3.jpg 2272w, https:\/\/www.ecoisraeltours.com\/spanish\/wp-content\/uploads\/2016\/01\/panel3-300x225.jpg 300w, https:\/\/www.ecoisraeltours.com\/spanish\/wp-content\/uploads\/2016\/01\/panel3-768x576.jpg 768w, https:\/\/www.ecoisraeltours.com\/spanish\/wp-content\/uploads\/2016\/01\/panel3-1024x768.jpg 1024w, https:\/\/www.ecoisraeltours.com\/spanish\/wp-content\/uploads\/2016\/01\/panel3-120x90.jpg 120w\" sizes=\"(max-width: 319px) 100vw, 319px\" \/><em>de un largo viaje por Jerusalem, viendo la ciudad dividida en&nbsp;t\u00e9rminos&nbsp;de historia,&nbsp;religi\u00f3n, y etnicidad.&nbsp;Yo era&nbsp;esc\u00e9ptico&nbsp;sobre el panel como alguien que no se&nbsp;identifica con&nbsp;religi\u00f3n&nbsp;alguna, pero me ayudo a darme cuenta la importancia de traer la&nbsp;religi\u00f3n&nbsp;a una&nbsp;conversaci\u00f3n&nbsp;cuando se discute sobre como remendar las roturas de esta ciudad&nbsp;intensamente dividida &#8211; incluso (o especialmente) para no creyentes. En particular, estaba sorprendido por que elocuencia de Yasmin Barhum y el Rabino Yonatan Neril, quienes pudieron articular de forma concisa y conmovedora como la sustentablidad y cuidado del medio ambiente&nbsp;est\u00e1n&nbsp;anclados en sus respectivas creencias y practicas espirituales.&nbsp;Yasmin incluso&nbsp;teji\u00f3&nbsp;h\u00e1bilmente&nbsp;un elemento&nbsp;pol\u00edtico,&nbsp;explic\u00e1ndonos&nbsp;que su creencia en el Islam la ayudo a dedicarse a lo que ella&nbsp;sinti\u00f3&nbsp;que era la&nbsp;v\u00eda&nbsp;apropiado para un activismo&nbsp;pol\u00edtico&nbsp;y&nbsp;participaci\u00f3n&nbsp;en el suelo. Me&nbsp;fui del&nbsp;panel con un renovado&nbsp;inter\u00e9s&nbsp;en las practicas espirituales y&nbsp;creencias para abordar conflictos, y el resto del grupo&nbsp;parec\u00eda&nbsp;inmerso en las conversaciones con el mismo efecto.\u00bb&nbsp;<\/em><\/p>\n<p style=\"text-align: justify;\">&#8211; Vea mas en: http:\/\/www.ecoisraeltours.com\/interfaith-panels\/<\/p>\n","protected":false},"excerpt":{"rendered":"<p>El Centro Interreligioso por el Desarrollo Sustentable organiza paneles interreligiosos con el clero y personalidades religiosas de&nbsp;m\u00faltiples&nbsp;religiones. Estos paneles le permiten a grupos de estudiantes, turistas y otros, poder escuchar una variedad de distinguidas personas de la fe viviendo en Jerusalem. La mayor\u00eda de los paneles est\u00e1n compuestos por un musulm\u00e1n, un cristiano y un&#8230;<\/p>\n","protected":false},"author":5,"featured_media":0,"parent":0,"menu_order":0,"comment_status":"closed","ping_status":"closed","template":"templates\/fullwidth.php","meta":{"ngg_post_thumbnail":0,"_kad_post_transparent":"","_kad_post_title":"","_kad_post_layout":"","_kad_post_sidebar_id":"","_kad_post_content_style":"","_kad_post_vertical_padding":"","_kad_post_feature":"","_kad_post_feature_position":"","_kad_post_header":false,"_kad_post_footer":false,"_kad_post_classname":"","footnotes":""},"class_list":["post-1316","page","type-page","status-publish","hentry"],"aioseo_notices":[],"_links":{"self":[{"href":"https:\/\/www.ecoisraeltours.com\/spanish\/wp-json\/wp\/v2\/pages\/1316","targetHints":{"allow":["GET"]}}],"collection":[{"href":"https:\/\/www.ecoisraeltours.com\/spanish\/wp-json\/wp\/v2\/pages"}],"about":[{"href":"https:\/\/www.ecoisraeltours.com\/spanish\/wp-json\/wp\/v2\/types\/page"}],"author":[{"embeddable":true,"href":"https:\/\/www.ecoisraeltours.com\/spanish\/wp-json\/wp\/v2\/users\/5"}],"replies":[{"embeddable":true,"href":"https:\/\/www.ecoisraeltours.com\/spanish\/wp-json\/wp\/v2\/comments?post=1316"}],"version-history":[{"count":28,"href":"https:\/\/www.ecoisraeltours.com\/spanish\/wp-json\/wp\/v2\/pages\/1316\/revisions"}],"predecessor-version":[{"id":1553,"href":"https:\/\/www.ecoisraeltours.com\/spanish\/wp-json\/wp\/v2\/pages\/1316\/revisions\/1553"}],"wp:attachment":[{"href":"https:\/\/www.ecoisraeltours.com\/spanish\/wp-json\/wp\/v2\/media?parent=1316"}],"curies":[{"name":"wp","href":"https:\/\/api.w.org\/{rel}","templated":true}]}}