{"id":1307,"date":"2016-01-25T10:47:39","date_gmt":"2016-01-25T10:47:39","guid":{"rendered":"http:\/\/www.ecoisraeltours.com\/spanish\/?page_id=1307"},"modified":"2016-04-14T08:39:44","modified_gmt":"2016-04-14T08:39:44","slug":"paquetes-de-varios-dias","status":"publish","type":"page","link":"https:\/\/www.ecoisraeltours.com\/spanish\/paquetes-de-varios-dias\/","title":{"rendered":"Tours de Varios Dias"},"content":{"rendered":"<p style=\"text-align: justify;\">\u00a0 \u00a0 \u00a0 Eco Israel Tours ofrece\u00a0tours de varios d\u00edas que van desde\u00a0paquetes\u00a0de dos d\u00edas hasta una semana. Le ofrecemos a nuestros clientes los siguientes servicios que van desde econ\u00f3micos hasta nivel VIP:<\/p>\n<ul style=\"text-align: justify;\">\n<li>Todas las categor\u00edas de alojamiento, incluyen hoteles, casas de campo, camas y desayuno, y campamentos.<\/li>\n<li>Transporte por aire, tierra y mar.<\/li>\n<li>Gu\u00edas tur\u00edsticos y educadores con un profundo\u00a0conocimiento\u00a0de los problemas ecol\u00f3gicos en Israel.<\/li>\n<li>Tour personalizados para todas las edades y capacidades, en Ingles, Espa\u00f1ol y Ruso.<\/li>\n<\/ul>\n<p style=\"text-align: justify;\">\u00a0 \u00a0 Para poder ver el itinerario de 8 d\u00edas, haga click <a href=\"http:\/\/www.ecoisraeltours.com\/wp-content\/uploads\/2011\/07\/Eight-Day-Eco-Israel-Tours-Itinerary.pdf\">aqu\u00ed<\/a> o lea mas acerca de nuestro paquete de 11 d\u00edas <a href=\"http:\/\/www.ecoisraeltours.com\/exploring-israel-through-an-ecological-lens\/\">aqui<\/a>. Para personalizar su propio itinerario, vaya <a href=\"http:\/\/www.ecoisraeltours.com\/eco-israel-tours-exploring-israel-in-a-new-way\/\">aqui<\/a> para mas informaci\u00f3n acerca de las opciones.<\/p>\n<p style=\"text-align: justify;\">Para conocer los precios por favor contacte a\u00a0<a title=\"Contact Us\" href=\"http:\/\/www.ecoisraeltours.com\/?page_id=24\" target=\"_blank\">Eco Israel Tours<\/a>.<\/p>\n<p style=\"text-align: justify;\">&#8211; Vea mas en: http:\/\/www.ecoisraeltours.com\/multi-day-package-tours\/<\/p>\n","protected":false},"excerpt":{"rendered":"<p>\u00a0 \u00a0 \u00a0 Eco Israel Tours ofrece\u00a0tours de varios d\u00edas que van desde\u00a0paquetes\u00a0de dos d\u00edas hasta una semana. Le ofrecemos a nuestros clientes los siguientes servicios que van desde econ\u00f3micos hasta nivel VIP: Todas las categor\u00edas de alojamiento, incluyen hoteles, casas de campo, camas y desayuno, y campamentos. Transporte por aire, tierra y mar. Gu\u00edas&#8230;<\/p>\n","protected":false},"author":5,"featured_media":0,"parent":0,"menu_order":0,"comment_status":"closed","ping_status":"closed","template":"templates\/fullwidth.php","meta":{"ngg_post_thumbnail":0,"_kad_post_transparent":"","_kad_post_title":"","_kad_post_layout":"","_kad_post_sidebar_id":"","_kad_post_content_style":"","_kad_post_vertical_padding":"","_kad_post_feature":"","_kad_post_feature_position":"","_kad_post_header":false,"_kad_post_footer":false,"_kad_post_classname":"","footnotes":""},"class_list":["post-1307","page","type-page","status-publish","hentry"],"aioseo_notices":[],"_links":{"self":[{"href":"https:\/\/www.ecoisraeltours.com\/spanish\/wp-json\/wp\/v2\/pages\/1307","targetHints":{"allow":["GET"]}}],"collection":[{"href":"https:\/\/www.ecoisraeltours.com\/spanish\/wp-json\/wp\/v2\/pages"}],"about":[{"href":"https:\/\/www.ecoisraeltours.com\/spanish\/wp-json\/wp\/v2\/types\/page"}],"author":[{"embeddable":true,"href":"https:\/\/www.ecoisraeltours.com\/spanish\/wp-json\/wp\/v2\/users\/5"}],"replies":[{"embeddable":true,"href":"https:\/\/www.ecoisraeltours.com\/spanish\/wp-json\/wp\/v2\/comments?post=1307"}],"version-history":[{"count":6,"href":"https:\/\/www.ecoisraeltours.com\/spanish\/wp-json\/wp\/v2\/pages\/1307\/revisions"}],"predecessor-version":[{"id":1315,"href":"https:\/\/www.ecoisraeltours.com\/spanish\/wp-json\/wp\/v2\/pages\/1307\/revisions\/1315"}],"wp:attachment":[{"href":"https:\/\/www.ecoisraeltours.com\/spanish\/wp-json\/wp\/v2\/media?parent=1307"}],"curies":[{"name":"wp","href":"https:\/\/api.w.org\/{rel}","templated":true}]}}