{"id":1151,"date":"2013-11-07T06:48:39","date_gmt":"2013-11-07T06:48:39","guid":{"rendered":"http:\/\/www.ecoisraeltours.com\/spanish\/?page_id=1151"},"modified":"2016-04-14T08:45:42","modified_gmt":"2016-04-14T08:45:42","slug":"pricing-booking","status":"publish","type":"page","link":"https:\/\/www.ecoisraeltours.com\/spanish\/pricing-booking\/","title":{"rendered":"Precios y Reservas"},"content":{"rendered":"<p><a title=\"Book Now\" href=\"#bottom\"><img decoding=\"async\" src=\"http:\/\/www.jewishecoseminars.com\/wp-content\/themes\/jewishecoseminars\/images\/book-now.png\" alt=\"\" \/><br \/>\n<\/a><\/p>\n<div style=\"float: right;\"><\/div>\n<h2 style=\"margin-top: 10px; text-align: left;\">Precios<\/h2>\n<p style=\"text-align: justify;\">Nuestros precios var\u00edan de acuerdo a la duraci\u00f3n, lugar y tama\u00f1o del grupo. Por un precio detallado, de un vistazo a nuestra <a href=\"#table\">tabla<\/a> de precios que se encuentra abajo.<\/p>\n<p style=\"text-align: justify;\">Para encontrar un precio de un programa especifico, llene la forma que se encuentra abajo y haga click en \u2018calculate cost.\u2019<br \/>\nPor ejemplo, un tour de dos horas en el mercado Machane Yehuda de Jerusalem costara 500 NIS para un grupo de 30 personas, mientras que un tour de un d\u00eda entero por las Alturas del Golan costar\u00eda 1300 NIS para un grupo del mismo tama\u00f1o. Tambi\u00e9n contamos con programas hechos a medida para encontrar las preferencias y necesidades del grupo..<br \/>\nPara mas informaci\u00f3n, o para informaci\u00f3n sobre los precios de los programas fuera de Israel, por favor <a title=\"Contact Us\" href=\"http:\/\/www.ecoisraeltours.com\/spanish\/contacto\/\">cont\u00e1ctenos<\/a>.<\/p>\n<h2 style=\"margin-top: 10px; text-align: left;\"><a name=\"table\"><\/a>Tabla de Precios<\/h2>\n<table class=\"aligncenter\" style=\"border: 0px solid #22c6dc;\" border=\"0\" frame=\"border\" rules=\"all\" cellpadding=\"1\" align=\"center\">\n<tbody>\n<tr>\n<td><strong>Area de Jerusalem<\/strong><\/td>\n<td colspan=\"2\"><strong>Todos los precios en\u00a0NIS (New Israeli Shekel),\u00a0sin impuestos adheridos<\/strong><\/td>\n<\/tr>\n<tr>\n<td>Duraci\u00f3n de la Actividad<\/td>\n<td>Hasta 30 participantes<\/td>\n<td>Entre 30 &#8211; 60 participantes<\/td>\n<\/tr>\n<tr>\n<td>Mas de dos horas<\/td>\n<td style=\"text-align: right;\">400.00<\/td>\n<td style=\"text-align: right;\">800.00<\/td>\n<\/tr>\n<tr>\n<td>Medio Dia\u00a0(hasta 4 horas)<\/td>\n<td style=\"text-align: right;\">\u00a0 \u00a0 \u00a0 \u00a0 \u00a0 \u00a0 \u00a0 \u00a0 \u00a0 \u00a0 \u00a0 \u00a0 \u00a0650.00<\/td>\n<td style=\"text-align: right;\">1300.00<\/td>\n<\/tr>\n<tr>\n<td>Dia Completo (hasta 8 horas)<\/td>\n<td style=\"text-align: right;\">\u00a0 \u00a0 \u00a0 \u00a0 \u00a0 \u00a0 \u00a0 \u00a0 \u00a0 \u00a0 \u00a0 \u00a0 850.00<\/td>\n<td style=\"text-align: right;\">1700.00<\/td>\n<\/tr>\n<tr>\n<td><strong>Ein Sataf\/ Golan Heights\/Ketura\/Shuva<\/strong><\/td>\n<td colspan=\"2\"><\/td>\n<\/tr>\n<tr>\n<td>Duraci\u00f3n de la actividad<\/td>\n<td>Hasta 30 participantes<\/td>\n<td>entre 30 &#8211; 60 participantes<\/td>\n<\/tr>\n<tr>\n<td>Hasta\u00a02 horas<\/td>\n<td style=\"text-align: right;\">600.00<\/td>\n<td style=\"text-align: right;\">1200.00<\/td>\n<\/tr>\n<tr>\n<td>Medio Dia (hasta 4 horas)<\/td>\n<td style=\"text-align: right;\">800.00<\/td>\n<td style=\"text-align: right;\">1600.00<\/td>\n<\/tr>\n<tr>\n<td>Dia Completo (hasta 8 horas)<\/td>\n<td style=\"text-align: right;\">1200.00<\/td>\n<td style=\"text-align: right;\">2400.00<\/td>\n<\/tr>\n<tr>\n<td><\/td>\n<td><\/td>\n<td><\/td>\n<\/tr>\n<tr>\n<td><strong>Bosque Carmel\/ Desierto de Hike y sitios especiales<\/strong><\/td>\n<td colspan=\"2\"><\/td>\n<\/tr>\n<tr>\n<td>Duraci\u00f3n de la actividad<\/td>\n<td>\n<table border=\"0\" align=\"center\">\n<tbody>\n<tr>\n<td style=\"text-align: left;\">Hasta 30 participantes<\/td>\n<\/tr>\n<\/tbody>\n<\/table>\n<\/td>\n<td>Entre 30 &#8211; 60 participantes<\/td>\n<\/tr>\n<tr>\n<td>Hasta 2 horas<\/td>\n<td style=\"text-align: right;\">700.00<\/td>\n<td style=\"text-align: right;\">1400.00<\/td>\n<\/tr>\n<tr>\n<td>Medio Dia (hasta 4 horas)<\/td>\n<td style=\"text-align: right;\">900.0<\/td>\n<td style=\"text-align: right;\">1600.00<\/td>\n<\/tr>\n<tr>\n<td>Dia Completo (Hasta 8 horas)<\/td>\n<td style=\"text-align: right;\">1200.00<\/td>\n<td style=\"text-align: right;\">2400.00<\/td>\n<\/tr>\n<\/tbody>\n<\/table>\n<h2 style=\"margin-top: 10px; text-align: left;\">Explicaci\u00f3n de los honorarios<\/h2>\n<p style=\"text-align: justify;\">Eco Israel Tours ofrece una gama de programas que combinan la naturaleza de Israel o su tecnolog\u00eda verde con actividades experimentales, y tambien se puede agregar, cuando el participante lo quiera, ense\u00f1anzas de fe. Nuestros educadores tienen amplio conocimientos sobre ense\u00f1anzas jud\u00edas, ademas de estar familiarizados en la guia de grupos en Israel y tener una larga experiencia en educaci\u00f3n al aire libre. Tratamos de tener un numero m\u00e1ximo de educadores por participantes en una proporci\u00f3n de 1 a 30. Preferimos dividir los grupos de 30 participantes en grupos mas peque\u00f1os, con m\u00faltiples educadores involucrados en el programa. Todos los precios son en \u20aa (New Israel Shekels)<\/p>\n","protected":false},"excerpt":{"rendered":"<p>Precios Nuestros precios var\u00edan de acuerdo a la duraci\u00f3n, lugar y tama\u00f1o del grupo. Por un precio detallado, de un vistazo a nuestra tabla de precios que se encuentra abajo. Para encontrar un precio de un programa especifico, llene la forma que se encuentra abajo y haga click en \u2018calculate cost.\u2019 Por ejemplo, un tour&#8230;<\/p>\n","protected":false},"author":5,"featured_media":0,"parent":0,"menu_order":0,"comment_status":"closed","ping_status":"open","template":"templates\/fullwidth.php","meta":{"ngg_post_thumbnail":0,"_kad_post_transparent":"","_kad_post_title":"","_kad_post_layout":"","_kad_post_sidebar_id":"","_kad_post_content_style":"","_kad_post_vertical_padding":"","_kad_post_feature":"","_kad_post_feature_position":"","_kad_post_header":false,"_kad_post_footer":false,"_kad_post_classname":"","footnotes":""},"class_list":["post-1151","page","type-page","status-publish","hentry"],"aioseo_notices":[],"_links":{"self":[{"href":"https:\/\/www.ecoisraeltours.com\/spanish\/wp-json\/wp\/v2\/pages\/1151","targetHints":{"allow":["GET"]}}],"collection":[{"href":"https:\/\/www.ecoisraeltours.com\/spanish\/wp-json\/wp\/v2\/pages"}],"about":[{"href":"https:\/\/www.ecoisraeltours.com\/spanish\/wp-json\/wp\/v2\/types\/page"}],"author":[{"embeddable":true,"href":"https:\/\/www.ecoisraeltours.com\/spanish\/wp-json\/wp\/v2\/users\/5"}],"replies":[{"embeddable":true,"href":"https:\/\/www.ecoisraeltours.com\/spanish\/wp-json\/wp\/v2\/comments?post=1151"}],"version-history":[{"count":3,"href":"https:\/\/www.ecoisraeltours.com\/spanish\/wp-json\/wp\/v2\/pages\/1151\/revisions"}],"predecessor-version":[{"id":1388,"href":"https:\/\/www.ecoisraeltours.com\/spanish\/wp-json\/wp\/v2\/pages\/1151\/revisions\/1388"}],"wp:attachment":[{"href":"https:\/\/www.ecoisraeltours.com\/spanish\/wp-json\/wp\/v2\/media?parent=1151"}],"curies":[{"name":"wp","href":"https:\/\/api.w.org\/{rel}","templated":true}]}}